{"id":1505,"date":"2021-12-20T15:45:34","date_gmt":"2021-12-20T14:45:34","guid":{"rendered":"https:\/\/printbox.net\/?page_id=1505"},"modified":"2026-02-06T11:48:10","modified_gmt":"2026-02-06T10:48:10","slug":"user-privacy-sl","status":"publish","type":"page","link":"https:\/\/printbox.net\/sl\/user-privacy-sl\/","title":{"rendered":"User privacy SL"},"content":{"rendered":"<div data-elementor-type=\"wp-page\" data-elementor-id=\"1505\" class=\"elementor elementor-1505\" data-elementor-post-type=\"page\">\n\t\t\t\t\t\t<section class=\"elementor-section elementor-top-section elementor-element elementor-element-d6b39a7 elementor-section-boxed elementor-section-height-default elementor-section-height-default\" data-id=\"d6b39a7\" data-element_type=\"section\">\n\t\t\t\t\t\t<div class=\"elementor-container elementor-column-gap-default\">\n\t\t\t\t\t<div class=\"elementor-column elementor-col-100 elementor-top-column elementor-element elementor-element-1d0baaa\" data-id=\"1d0baaa\" data-element_type=\"column\">\n\t\t\t<div class=\"elementor-widget-wrap\">\n\t\t\t\t\t\t\t<\/div>\n\t\t<\/div>\n\t\t\t\t\t<\/div>\n\t\t<\/section>\n\t\t\t\t<section class=\"elementor-section elementor-top-section elementor-element elementor-element-9368c6b elementor-section-boxed elementor-section-height-default elementor-section-height-default\" data-id=\"9368c6b\" data-element_type=\"section\">\n\t\t\t\t\t\t<div class=\"elementor-container elementor-column-gap-default\">\n\t\t\t\t\t<div class=\"elementor-column elementor-col-100 elementor-top-column elementor-element elementor-element-507969b\" data-id=\"507969b\" data-element_type=\"column\">\n\t\t\t<div class=\"elementor-widget-wrap elementor-element-populated\">\n\t\t\t\t\t\t<div class=\"elementor-element elementor-element-be9ad6f elementor-widget elementor-widget-text-editor\" data-id=\"be9ad6f\" data-element_type=\"widget\" data-widget_type=\"text-editor.default\">\n\t\t\t\t<div class=\"elementor-widget-container\">\n\t\t\t\t\t\t\t\t\t<p><strong>Zasebnost<\/strong><\/p><p>Podatki, ki jih uporabnik posreduje preko obrazcev na spletni strani printbox.net ali kako druga\u010de (po elektronski po\u0161ti, telefonu ipd.), so zaupni in se obravnavajo v skladu z veljavno slovensko zakonodajo. Print boks doo bo varoval osebne podatke in prepre\u010deval njihovo zlorabo. Osebni podatki bodo uporabljeni samo za namene, ki jih uporabnik odobri. Za varnost osebnih podatkov je odgovoren tudi uporabnik sam, in sicer tako, da skrbi za varnost svojega uporabni\u0161kega imena in gesla. Za posredovanje vseh osebnih podatkov uporabnika Print boks doo uporablja tehnologijo SLL, ki omogo\u010da kodiranje vseh informacij, poslanih z naro\u010dili. Pri uporabi pla\u010dilne kartice kot na\u010dina pla\u010dila se vneseni podatki po\u0161ljejo iz va\u0161ega ra\u010dunalnika v kodirani obliki neposredno na avtorizacijski stre\u017enik banke.<\/p><p><strong>Pi\u0161kotki<\/strong><\/p><p>\u201cPi\u0161kotki\u201d so majhne datoteke, ki jih spletno mesto po\u0161lje brskalniku internetnega uporabnika. Ob ponovnem obisku spletne strani jih brskalnik po\u0161lje nazaj na stre\u017enik in tako identificira uporabnika. Na ta na\u010din lahko spletno mesto na primer prilagaja oglase uporabniku, bele\u017ei zgodovino obiskov, shranjuje nastavitve ter uporabni\u0161ka imena in gesla itd. \u2013 zbira razli\u010dne informacije, vklju\u010dno z osebnimi podatki o uporabniku.<\/p><p>Novi zakon o elektronskih komunikacijah (ZEKom 1) zahteva, da mora vsako spletno mesto, ki uporablja pi\u0161kotke, uporabniku zagotoviti naslednje podatke:<\/p><ul><li>Katere pi\u0161kotke vsebuje<\/li><li>Za kak\u0161en namen se zbirajo in<\/li><li>kak\u0161en je na\u010din njihove uporabe<\/li><\/ul><p>Tako kot ve\u010dina spletnih strani vam sku\u0161amo z uporabo pi\u0161kotkov zagotoviti bolj\u0161o, hitrej\u0161o in varnej\u0161o izku\u0161njo.<\/p><p>Ve\u010d informacij o pi\u0161kotkih je na voljo v Smernicah Informacijskega poobla\u0161\u010denca<\/p><p>Ta spletna stran uporablja naslednje pi\u0161kotke:<\/p><table><thead><tr><td><p><strong>Ime pi\u0161kotka<\/strong><\/p><\/td><td><p><strong>Namen<\/strong><\/p><\/td><td><p><strong>Vir \/ Podjetje<\/strong><\/p><\/td><\/tr><\/thead><tbody><tr><td><p>cb-omogo\u010deno<\/p><\/td><td><p>Sprejemanje pogojev pi\u0161kotkov<\/p><\/td><td><p>Printbox<\/p><\/td><\/tr><tr><td><p>_utma<\/p><\/td><td><p>Bele\u017ei razlikovanje med uporabniki (seje).<\/p><\/td><td><p>Google Analytics<\/p><\/td><\/tr><tr><td><p>_utmb<\/p><\/td><td><p>Bele\u017ei razlikovanje med uporabniki (seje).<\/p><\/td><td><p>Google Analytics<\/p><\/td><\/tr><tr><td><p>_utmc<\/p><\/td><td><p>Statistika ogledov spletne strani.<\/p><\/td><td><p>Google Analytics<\/p><\/td><\/tr><tr><td><p>_utmz<\/p><\/td><td><p>Dolo\u010da vir prometa ali ogla\u0161evalsko akcijo.<\/p><\/td><td><p>Google Analytics<\/p><\/td><\/tr><\/tbody><\/table>\t\t\t\t\t\t\t\t<\/div>\n\t\t\t\t<\/div>\n\t\t\t\t\t<\/div>\n\t\t<\/div>\n\t\t\t\t\t<\/div>\n\t\t<\/section>\n\t\t\t\t<\/div>","protected":false},"excerpt":{"rendered":"<p>Zasebnost Podatki, ki jih uporabnik posreduje preko obrazcev na spletni strani printbox.net ali kako druga\u010de (po elektronski po\u0161ti, telefonu ipd.), so zaupni in se obravnavajo v skladu z veljavno slovensko zakonodajo. Print boks doo bo varoval osebne podatke in prepre\u010deval njihovo zlorabo. Osebni podatki bodo [\u2026]<\/p>","protected":false},"author":2,"featured_media":0,"parent":0,"menu_order":0,"comment_status":"closed","ping_status":"closed","template":"","meta":{"footnotes":""},"class_list":["post-1505","page","type-page","status-publish","hentry"],"yoast_head":"<!-- This site is optimized with the Yoast SEO plugin v26.6 - https:\/\/yoast.com\/wordpress\/plugins\/seo\/ -->\n<title>Printbox user privacy<\/title>\n<meta name=\"description\" content=\"Printbox Privacy policy\" \/>\n<meta name=\"robots\" content=\"index, follow, max-snippet:-1, max-image-preview:large, max-video-preview:-1\" \/>\n<link rel=\"canonical\" href=\"https:\/\/printbox.net\/sl\/user-privacy-sl\/\" \/>\n<meta property=\"og:locale\" content=\"sl_SI\" \/>\n<meta property=\"og:type\" content=\"article\" \/>\n<meta property=\"og:title\" content=\"Printbox user privacy\" \/>\n<meta property=\"og:description\" content=\"Printbox Privacy policy\" \/>\n<meta property=\"og:url\" content=\"https:\/\/printbox.net\/sl\/user-privacy-sl\/\" \/>\n<meta property=\"article:modified_time\" content=\"2026-02-06T10:48:10+00:00\" \/>\n<meta name=\"twitter:card\" content=\"summary_large_image\" \/>\n<meta name=\"twitter:label1\" content=\"Est. reading time\" \/>\n\t<meta name=\"twitter:data1\" content=\"2 minuti\" \/>\n<script type=\"application\/ld+json\" class=\"yoast-schema-graph\">{\"@context\":\"https:\/\/schema.org\",\"@graph\":[{\"@type\":\"WebPage\",\"@id\":\"https:\/\/printbox.net\/en\/user-privacy-sl\/\",\"url\":\"https:\/\/printbox.net\/en\/user-privacy-sl\/\",\"name\":\"Printbox user privacy\",\"isPartOf\":{\"@id\":\"https:\/\/printbox.net\/sl\/#website\"},\"datePublished\":\"2021-12-20T14:45:34+00:00\",\"dateModified\":\"2026-02-06T10:48:10+00:00\",\"description\":\"Printbox Privacy policy\",\"breadcrumb\":{\"@id\":\"https:\/\/printbox.net\/en\/user-privacy-sl\/#breadcrumb\"},\"inLanguage\":\"sl-SI\",\"potentialAction\":[{\"@type\":\"ReadAction\",\"target\":[\"https:\/\/printbox.net\/en\/user-privacy-sl\/\"]}]},{\"@type\":\"BreadcrumbList\",\"@id\":\"https:\/\/printbox.net\/en\/user-privacy-sl\/#breadcrumb\",\"itemListElement\":[{\"@type\":\"ListItem\",\"position\":1,\"name\":\"Home\",\"item\":\"https:\/\/printbox.net\/en\/\"},{\"@type\":\"ListItem\",\"position\":2,\"name\":\"User privacy SL\"}]},{\"@type\":\"WebSite\",\"@id\":\"https:\/\/printbox.net\/sl\/#website\",\"url\":\"https:\/\/printbox.net\/sl\/\",\"name\":\"\",\"description\":\"\",\"potentialAction\":[{\"@type\":\"SearchAction\",\"target\":{\"@type\":\"EntryPoint\",\"urlTemplate\":\"https:\/\/printbox.net\/sl\/?s={search_term_string}\"},\"query-input\":{\"@type\":\"PropertyValueSpecification\",\"valueRequired\":true,\"valueName\":\"search_term_string\"}}],\"inLanguage\":\"sl-SI\"}]}<\/script>\n<!-- \/ Yoast SEO plugin. -->","yoast_head_json":{"title":"Zasebnost uporabnika Printbox","description":"Printbox Politika zasebnosti","robots":{"index":"index","follow":"follow","max-snippet":"max-snippet:-1","max-image-preview":"max-image-preview:large","max-video-preview":"max-video-preview:-1"},"canonical":"https:\/\/printbox.net\/sl\/user-privacy-sl\/","og_locale":"sl_SI","og_type":"article","og_title":"Printbox user privacy","og_description":"Printbox Privacy policy","og_url":"https:\/\/printbox.net\/sl\/user-privacy-sl\/","article_modified_time":"2026-02-06T10:48:10+00:00","twitter_card":"summary_large_image","twitter_misc":{"Est. reading time":"2 minuti"},"schema":{"@context":"https:\/\/schema.org","@graph":[{"@type":"WebPage","@id":"https:\/\/printbox.net\/en\/user-privacy-sl\/","url":"https:\/\/printbox.net\/en\/user-privacy-sl\/","name":"Zasebnost uporabnika Printbox","isPartOf":{"@id":"https:\/\/printbox.net\/sl\/#website"},"datePublished":"2021-12-20T14:45:34+00:00","dateModified":"2026-02-06T10:48:10+00:00","description":"Printbox Politika zasebnosti","breadcrumb":{"@id":"https:\/\/printbox.net\/en\/user-privacy-sl\/#breadcrumb"},"inLanguage":"sl-SI","potentialAction":[{"@type":"ReadAction","target":["https:\/\/printbox.net\/en\/user-privacy-sl\/"]}]},{"@type":"BreadcrumbList","@id":"https:\/\/printbox.net\/en\/user-privacy-sl\/#breadcrumb","itemListElement":[{"@type":"ListItem","position":1,"name":"Home","item":"https:\/\/printbox.net\/en\/"},{"@type":"ListItem","position":2,"name":"User privacy SL"}]},{"@type":"WebSite","@id":"https:\/\/printbox.net\/sl\/#website","url":"https:\/\/printbox.net\/sl\/","name":"","description":"","potentialAction":[{"@type":"SearchAction","target":{"@type":"EntryPoint","urlTemplate":"https:\/\/printbox.net\/sl\/?s={search_term_string}"},"query-input":{"@type":"PropertyValueSpecification","valueRequired":true,"valueName":"search_term_string"}}],"inLanguage":"sl-SI"}]}},"_links":{"self":[{"href":"https:\/\/printbox.net\/sl\/wp-json\/wp\/v2\/pages\/1505","targetHints":{"allow":["GET"]}}],"collection":[{"href":"https:\/\/printbox.net\/sl\/wp-json\/wp\/v2\/pages"}],"about":[{"href":"https:\/\/printbox.net\/sl\/wp-json\/wp\/v2\/types\/page"}],"author":[{"embeddable":true,"href":"https:\/\/printbox.net\/sl\/wp-json\/wp\/v2\/users\/2"}],"replies":[{"embeddable":true,"href":"https:\/\/printbox.net\/sl\/wp-json\/wp\/v2\/comments?post=1505"}],"version-history":[{"count":12,"href":"https:\/\/printbox.net\/sl\/wp-json\/wp\/v2\/pages\/1505\/revisions"}],"predecessor-version":[{"id":7979,"href":"https:\/\/printbox.net\/sl\/wp-json\/wp\/v2\/pages\/1505\/revisions\/7979"}],"wp:attachment":[{"href":"https:\/\/printbox.net\/sl\/wp-json\/wp\/v2\/media?parent=1505"}],"curies":[{"name":"wp","href":"https:\/\/api.w.org\/{rel}","templated":true}]}}