{"id":3444,"date":"2022-07-11T15:07:13","date_gmt":"2022-07-11T13:07:13","guid":{"rendered":"https:\/\/printbox.net\/?page_id=3444"},"modified":"2026-02-06T11:36:29","modified_gmt":"2026-02-06T10:36:29","slug":"user-privacy-hr","status":"publish","type":"page","link":"https:\/\/printbox.net\/hr\/hrvatska\/user-privacy-hr\/","title":{"rendered":"User privacy HR"},"content":{"rendered":"<div data-elementor-type=\"wp-page\" data-elementor-id=\"3444\" class=\"elementor elementor-3444\" data-elementor-post-type=\"page\">\n\t\t\t\t\t\t<section class=\"elementor-section elementor-top-section elementor-element elementor-element-d6b39a7 elementor-section-boxed elementor-section-height-default elementor-section-height-default\" data-id=\"d6b39a7\" data-element_type=\"section\">\n\t\t\t\t\t\t<div class=\"elementor-container elementor-column-gap-default\">\n\t\t\t\t\t<div class=\"elementor-column elementor-col-100 elementor-top-column elementor-element elementor-element-1d0baaa\" data-id=\"1d0baaa\" data-element_type=\"column\">\n\t\t\t<div class=\"elementor-widget-wrap\">\n\t\t\t\t\t\t\t<\/div>\n\t\t<\/div>\n\t\t\t\t\t<\/div>\n\t\t<\/section>\n\t\t\t\t<section class=\"elementor-section elementor-top-section elementor-element elementor-element-9368c6b elementor-section-boxed elementor-section-height-default elementor-section-height-default\" data-id=\"9368c6b\" data-element_type=\"section\">\n\t\t\t\t\t\t<div class=\"elementor-container elementor-column-gap-default\">\n\t\t\t\t\t<div class=\"elementor-column elementor-col-100 elementor-top-column elementor-element elementor-element-507969b\" data-id=\"507969b\" data-element_type=\"column\">\n\t\t\t<div class=\"elementor-widget-wrap elementor-element-populated\">\n\t\t\t\t\t\t<div class=\"elementor-element elementor-element-be9ad6f elementor-widget elementor-widget-text-editor\" data-id=\"be9ad6f\" data-element_type=\"widget\" data-widget_type=\"text-editor.default\">\n\t\t\t\t<div class=\"elementor-widget-container\">\n\t\t\t\t\t\t\t\t\t<p><strong>Privatnost<\/strong><\/p><p>The data which is submitted by the user via forms found at the web page printbox.net or via any other way (by e-mail, telephone etc.) are confidential and are treated in concordance with the valid Croatian legislation. Print boks d.o.o. &#8211; Podru\u017enica Zagreb will protect the personal data and prevent their misuse. The personal data will be used only for the purposes approved by the user. The user himself is also responsible for the safety of personal data by making sure that his user name and password are safe. For transmissions of all personal data of the user Print boks d.o.o. &#8211; Podru\u017enica Zagreb uses the technology SLL which enables the encoding of all information sent with the orders. When using the charge card as the way of payment, the data entered is sent from your computer in a coded form directly to the authorization server of the bank.<\/p><p><strong>Kola\u010di\u0107i<\/strong><\/p><p>\u201cKola\u010di\u0107i\u201d su male datoteke koje web stranica \u0161alje pregledniku internetskog korisnika. Pri ponovljenom posjetu web stranici preglednik ih \u0161alje natrag na poslu\u017eitelj i na taj na\u010din identificira korisnika. Na taj na\u010din web stranica mo\u017ee, primjerice, prilagoditi oglase korisniku, bilje\u017eiti povijest posjeta, pohranjivati postavke i korisni\u010dka imena i lozinke itd. \u2013 prikupljati razne informacije, uklju\u010duju\u0107i osobne podatke o korisniku.<\/p><p>Novi Zakon o elektroni\u010dkim komunikacijama (ZEKom 1) nala\u017ee da svaka web stranica koja koristi kola\u010di\u0107e mora korisniku pru\u017eiti sljede\u0107e podatke:<\/p><ul><li>Koje kola\u010di\u0107e sadr\u017ei<\/li><li>U koju svrhu se prikupljaju i<\/li><li>kakav je na\u010din njihove primjene<\/li><\/ul><p>Kao i ve\u0107ina web stranica, kori\u0161tenjem kola\u010di\u0107a nastojimo vam osigurati bolje, br\u017ee i sigurnije iskustvo.<\/p><p>Vi\u0161e informacija o kola\u010di\u0107ima dostupno je u Smjernicama Povjerenice za informiranje<\/p><p>Ova web stranica koristi sljede\u0107e kola\u010di\u0107e:<\/p><table><thead><tr><td><p><strong>Naziv kola\u010di\u0107a<\/strong><\/p><\/td><td><p><strong>Svrha<\/strong><\/p><\/td><td><p><strong>Izvor \/ Tvrtka<\/strong><\/p><\/td><\/tr><\/thead><tbody><tr><td><p>cb-omogu\u0107en<\/p><\/td><td><p>Prihva\u0107anje uvjeta kola\u010di\u0107a<\/p><\/td><td><p>Printbox<\/p><\/td><\/tr><tr><td><p>_utma<\/p><\/td><td><p>Bilje\u017ei razliku izme\u0111u korisnika (sesija).<\/p><\/td><td><p>Google Analytics<\/p><\/td><\/tr><tr><td><p>_utmb<\/p><\/td><td><p>Bilje\u017ei razliku izme\u0111u korisnika (sesija).<\/p><\/td><td><p>Google Analytics<\/p><\/td><\/tr><tr><td><p>_utmc<\/p><\/td><td><p>Statistika pregleda web stranice.<\/p><\/td><td><p>Google Analytics<\/p><\/td><\/tr><tr><td><p>_utmz<\/p><\/td><td><p>Definira izvor prometa ili reklamnu kampanju.<\/p><\/td><td><p>Google Analytics<\/p><\/td><\/tr><\/tbody><\/table>\t\t\t\t\t\t\t\t<\/div>\n\t\t\t\t<\/div>\n\t\t\t\t\t<\/div>\n\t\t<\/div>\n\t\t\t\t\t<\/div>\n\t\t<\/section>\n\t\t\t\t<\/div>","protected":false},"excerpt":{"rendered":"<p>Privacy The data which is submitted by the user via forms found at the web page printbox.net or via any other way (by e-mail, telephone etc.) are confidential and are treated in concordance with the valid Croatian legislation. Print boks d.o.o. &#8211; Podru\u017enica Zagreb will protect the personal data and prevent their misuse. The personal [&hellip;]<\/p>","protected":false},"author":2,"featured_media":0,"parent":3266,"menu_order":0,"comment_status":"closed","ping_status":"closed","template":"","meta":{"footnotes":""},"class_list":["post-3444","page","type-page","status-publish","hentry"],"yoast_head":"<!-- This site is optimized with the Yoast SEO plugin v26.6 - https:\/\/yoast.com\/wordpress\/plugins\/seo\/ -->\n<title>Printbox privacy policy<\/title>\n<meta name=\"description\" content=\"Printbox Privacy policy\" \/>\n<meta name=\"robots\" content=\"index, follow, max-snippet:-1, max-image-preview:large, max-video-preview:-1\" \/>\n<link rel=\"canonical\" href=\"https:\/\/printbox.net\/hr\/hrvatska\/user-privacy-hr\/\" \/>\n<meta property=\"og:locale\" content=\"hr_HR\" \/>\n<meta property=\"og:type\" content=\"article\" \/>\n<meta property=\"og:title\" content=\"Printbox privacy policy\" \/>\n<meta property=\"og:description\" content=\"Printbox Privacy policy\" \/>\n<meta property=\"og:url\" content=\"https:\/\/printbox.net\/hr\/hrvatska\/user-privacy-hr\/\" \/>\n<meta property=\"article:modified_time\" content=\"2026-02-06T10:36:29+00:00\" \/>\n<meta name=\"twitter:card\" content=\"summary_large_image\" \/>\n<meta name=\"twitter:label1\" content=\"Procijenjeno vrijeme \u010ditanja\" \/>\n\t<meta name=\"twitter:data1\" content=\"2 minute\" \/>\n<script type=\"application\/ld+json\" class=\"yoast-schema-graph\">{\"@context\":\"https:\/\/schema.org\",\"@graph\":[{\"@type\":\"WebPage\",\"@id\":\"https:\/\/printbox.net\/croatia\/user-privacy-hr\/\",\"url\":\"https:\/\/printbox.net\/croatia\/user-privacy-hr\/\",\"name\":\"Printbox privacy policy\",\"isPartOf\":{\"@id\":\"https:\/\/printbox.net\/sl\/#website\"},\"datePublished\":\"2022-07-11T13:07:13+00:00\",\"dateModified\":\"2026-02-06T10:36:29+00:00\",\"description\":\"Printbox Privacy policy\",\"breadcrumb\":{\"@id\":\"https:\/\/printbox.net\/croatia\/user-privacy-hr\/#breadcrumb\"},\"inLanguage\":\"hr\",\"potentialAction\":[{\"@type\":\"ReadAction\",\"target\":[\"https:\/\/printbox.net\/croatia\/user-privacy-hr\/\"]}]},{\"@type\":\"BreadcrumbList\",\"@id\":\"https:\/\/printbox.net\/croatia\/user-privacy-hr\/#breadcrumb\",\"itemListElement\":[{\"@type\":\"ListItem\",\"position\":1,\"name\":\"Home\",\"item\":\"https:\/\/printbox.net\/en\/\"},{\"@type\":\"ListItem\",\"position\":2,\"name\":\"Printbox Croatia\",\"item\":\"https:\/\/printbox.net\/croatia\/\"},{\"@type\":\"ListItem\",\"position\":3,\"name\":\"User privacy HR\"}]},{\"@type\":\"WebSite\",\"@id\":\"https:\/\/printbox.net\/sl\/#website\",\"url\":\"https:\/\/printbox.net\/sl\/\",\"name\":\"\",\"description\":\"\",\"potentialAction\":[{\"@type\":\"SearchAction\",\"target\":{\"@type\":\"EntryPoint\",\"urlTemplate\":\"https:\/\/printbox.net\/sl\/?s={search_term_string}\"},\"query-input\":{\"@type\":\"PropertyValueSpecification\",\"valueRequired\":true,\"valueName\":\"search_term_string\"}}],\"inLanguage\":\"hr\"}]}<\/script>\n<!-- \/ Yoast SEO plugin. -->","yoast_head_json":{"title":"Politika privatnosti Printboxa","description":"Printbox Politika privatnosti","robots":{"index":"index","follow":"follow","max-snippet":"max-snippet:-1","max-image-preview":"max-image-preview:large","max-video-preview":"max-video-preview:-1"},"canonical":"https:\/\/printbox.net\/hr\/hrvatska\/user-privacy-hr\/","og_locale":"hr_HR","og_type":"article","og_title":"Printbox privacy policy","og_description":"Printbox Privacy policy","og_url":"https:\/\/printbox.net\/hr\/hrvatska\/user-privacy-hr\/","article_modified_time":"2026-02-06T10:36:29+00:00","twitter_card":"summary_large_image","twitter_misc":{"Procijenjeno vrijeme \u010ditanja":"2 minute"},"schema":{"@context":"https:\/\/schema.org","@graph":[{"@type":"WebPage","@id":"https:\/\/printbox.net\/croatia\/user-privacy-hr\/","url":"https:\/\/printbox.net\/croatia\/user-privacy-hr\/","name":"Politika privatnosti Printboxa","isPartOf":{"@id":"https:\/\/printbox.net\/sl\/#website"},"datePublished":"2022-07-11T13:07:13+00:00","dateModified":"2026-02-06T10:36:29+00:00","description":"Printbox Politika privatnosti","breadcrumb":{"@id":"https:\/\/printbox.net\/croatia\/user-privacy-hr\/#breadcrumb"},"inLanguage":"hr","potentialAction":[{"@type":"ReadAction","target":["https:\/\/printbox.net\/croatia\/user-privacy-hr\/"]}]},{"@type":"BreadcrumbList","@id":"https:\/\/printbox.net\/croatia\/user-privacy-hr\/#breadcrumb","itemListElement":[{"@type":"ListItem","position":1,"name":"Home","item":"https:\/\/printbox.net\/en\/"},{"@type":"ListItem","position":2,"name":"Printbox Croatia","item":"https:\/\/printbox.net\/croatia\/"},{"@type":"ListItem","position":3,"name":"User privacy HR"}]},{"@type":"WebSite","@id":"https:\/\/printbox.net\/sl\/#website","url":"https:\/\/printbox.net\/sl\/","name":"","description":"","potentialAction":[{"@type":"SearchAction","target":{"@type":"EntryPoint","urlTemplate":"https:\/\/printbox.net\/sl\/?s={search_term_string}"},"query-input":{"@type":"PropertyValueSpecification","valueRequired":true,"valueName":"search_term_string"}}],"inLanguage":"hr"}]}},"_links":{"self":[{"href":"https:\/\/printbox.net\/hr\/wp-json\/wp\/v2\/pages\/3444","targetHints":{"allow":["GET"]}}],"collection":[{"href":"https:\/\/printbox.net\/hr\/wp-json\/wp\/v2\/pages"}],"about":[{"href":"https:\/\/printbox.net\/hr\/wp-json\/wp\/v2\/types\/page"}],"author":[{"embeddable":true,"href":"https:\/\/printbox.net\/hr\/wp-json\/wp\/v2\/users\/2"}],"replies":[{"embeddable":true,"href":"https:\/\/printbox.net\/hr\/wp-json\/wp\/v2\/comments?post=3444"}],"version-history":[{"count":14,"href":"https:\/\/printbox.net\/hr\/wp-json\/wp\/v2\/pages\/3444\/revisions"}],"predecessor-version":[{"id":7964,"href":"https:\/\/printbox.net\/hr\/wp-json\/wp\/v2\/pages\/3444\/revisions\/7964"}],"up":[{"embeddable":true,"href":"https:\/\/printbox.net\/hr\/wp-json\/wp\/v2\/pages\/3266"}],"wp:attachment":[{"href":"https:\/\/printbox.net\/hr\/wp-json\/wp\/v2\/media?parent=3444"}],"curies":[{"name":"wp","href":"https:\/\/api.w.org\/{rel}","templated":true}]}}