{"id":1505,"date":"2021-12-20T15:45:34","date_gmt":"2021-12-20T14:45:34","guid":{"rendered":"https:\/\/printbox.net\/?page_id=1505"},"modified":"2026-02-06T11:48:10","modified_gmt":"2026-02-06T10:48:10","slug":"user-privacy-sl","status":"publish","type":"page","link":"https:\/\/printbox.net\/hr\/user-privacy-sl\/","title":{"rendered":"User privacy SL"},"content":{"rendered":"<div data-elementor-type=\"wp-page\" data-elementor-id=\"1505\" class=\"elementor elementor-1505\" data-elementor-post-type=\"page\">\n\t\t\t\t\t\t<section class=\"elementor-section elementor-top-section elementor-element elementor-element-d6b39a7 elementor-section-boxed elementor-section-height-default elementor-section-height-default\" data-id=\"d6b39a7\" data-element_type=\"section\">\n\t\t\t\t\t\t<div class=\"elementor-container elementor-column-gap-default\">\n\t\t\t\t\t<div class=\"elementor-column elementor-col-100 elementor-top-column elementor-element elementor-element-1d0baaa\" data-id=\"1d0baaa\" data-element_type=\"column\">\n\t\t\t<div class=\"elementor-widget-wrap\">\n\t\t\t\t\t\t\t<\/div>\n\t\t<\/div>\n\t\t\t\t\t<\/div>\n\t\t<\/section>\n\t\t\t\t<section class=\"elementor-section elementor-top-section elementor-element elementor-element-9368c6b elementor-section-boxed elementor-section-height-default elementor-section-height-default\" data-id=\"9368c6b\" data-element_type=\"section\">\n\t\t\t\t\t\t<div class=\"elementor-container elementor-column-gap-default\">\n\t\t\t\t\t<div class=\"elementor-column elementor-col-100 elementor-top-column elementor-element elementor-element-507969b\" data-id=\"507969b\" data-element_type=\"column\">\n\t\t\t<div class=\"elementor-widget-wrap elementor-element-populated\">\n\t\t\t\t\t\t<div class=\"elementor-element elementor-element-be9ad6f elementor-widget elementor-widget-text-editor\" data-id=\"be9ad6f\" data-element_type=\"widget\" data-widget_type=\"text-editor.default\">\n\t\t\t\t<div class=\"elementor-widget-container\">\n\t\t\t\t\t\t\t\t\t<p><strong>Privatnost<\/strong><\/p><p>Podaci koje korisnik dostavi putem obrazaca koji se nalaze na web stranici printbox.net ili na bilo koji drugi na\u010din (e-mailom, telefonom i sl.) su povjerljivi i tretiraju se u skladu s va\u017ee\u0107im slovenskim zakonodavstvom. Print boks doo \u0107e \u0161tititi osobne podatke i sprije\u010diti njihovu zlouporabu. Osobni podaci \u0107e se koristiti samo u svrhe koje korisnik odobri. Za sigurnost osobnih podataka odgovoran je i sam korisnik na na\u010din da se brine za sigurnost svog korisni\u010dkog imena i lozinke. Za prijenos svih osobnih podataka korisnika Print boks doo koristi tehnologiju SLL koja omogu\u0107uje kodiranje svih informacija poslanih uz narud\u017ebe. Prilikom kori\u0161tenja charge kartice kao na\u010dina pla\u0107anja, uneseni podaci se s Va\u0161eg ra\u010dunala u kodiranom obliku \u0161alju direktno na autorizacijski server banke.<\/p><p><strong>Kola\u010di\u0107i<\/strong><\/p><p>\u201cKola\u010di\u0107i\u201d su male datoteke koje web stranica \u0161alje pregledniku internetskog korisnika. Pri ponovljenom posjetu web stranici preglednik ih \u0161alje natrag na poslu\u017eitelj i na taj na\u010din identificira korisnika. Na taj na\u010din web stranica mo\u017ee, primjerice, prilagoditi oglase korisniku, bilje\u017eiti povijest posjeta, pohranjivati postavke i korisni\u010dka imena i lozinke itd. \u2013 prikupljati razne informacije, uklju\u010duju\u0107i osobne podatke o korisniku.<\/p><p>Novi Zakon o elektroni\u010dkim komunikacijama (ZEKom 1) nala\u017ee da svaka web stranica koja koristi kola\u010di\u0107e mora korisniku pru\u017eiti sljede\u0107e podatke:<\/p><ul><li>Koje kola\u010di\u0107e sadr\u017ei<\/li><li>U koju svrhu se prikupljaju i<\/li><li>kakav je na\u010din njihove primjene<\/li><\/ul><p>Kao i ve\u0107ina web stranica, kori\u0161tenjem kola\u010di\u0107a nastojimo vam osigurati bolje, br\u017ee i sigurnije iskustvo.<\/p><p>Vi\u0161e informacija o kola\u010di\u0107ima dostupno je u Smjernicama Povjerenice za informiranje<\/p><p>Ova web stranica koristi sljede\u0107e kola\u010di\u0107e:<\/p><table><thead><tr><td><p><strong>Naziv kola\u010di\u0107a<\/strong><\/p><\/td><td><p><strong>Svrha<\/strong><\/p><\/td><td><p><strong>Izvor \/ Tvrtka<\/strong><\/p><\/td><\/tr><\/thead><tbody><tr><td><p>cb-omogu\u0107en<\/p><\/td><td><p>Prihva\u0107anje uvjeta kola\u010di\u0107a<\/p><\/td><td><p>Printbox<\/p><\/td><\/tr><tr><td><p>_utma<\/p><\/td><td><p>Bilje\u017ei razliku izme\u0111u korisnika (sesija).<\/p><\/td><td><p>Google Analytics<\/p><\/td><\/tr><tr><td><p>_utmb<\/p><\/td><td><p>Bilje\u017ei razliku izme\u0111u korisnika (sesija).<\/p><\/td><td><p>Google Analytics<\/p><\/td><\/tr><tr><td><p>_utmc<\/p><\/td><td><p>Statistika pregleda web stranice.<\/p><\/td><td><p>Google Analytics<\/p><\/td><\/tr><tr><td><p>_utmz<\/p><\/td><td><p>Definira izvor prometa ili reklamnu kampanju.<\/p><\/td><td><p>Google Analytics<\/p><\/td><\/tr><\/tbody><\/table>\t\t\t\t\t\t\t\t<\/div>\n\t\t\t\t<\/div>\n\t\t\t\t\t<\/div>\n\t\t<\/div>\n\t\t\t\t\t<\/div>\n\t\t<\/section>\n\t\t\t\t<\/div>","protected":false},"excerpt":{"rendered":"<p>Privatnost Podaci koje korisnik dostavi putem obrazaca koji se nalaze na web stranici printbox.net ili na bilo koji drugi na\u010din (e-mailom, telefonom i sl.) su povjerljivi i tretiraju se u skladu s va\u017ee\u0107im slovenskim zakonodavstvom. Print boks doo \u0107e \u0161tititi osobne podatke i sprije\u010diti njihovu zlouporabu. Osobni podaci bit \u0107e [\u2026]<\/p>","protected":false},"author":2,"featured_media":0,"parent":0,"menu_order":0,"comment_status":"closed","ping_status":"closed","template":"","meta":{"footnotes":""},"class_list":["post-1505","page","type-page","status-publish","hentry"],"yoast_head":"<!-- This site is optimized with the Yoast SEO plugin v26.6 - https:\/\/yoast.com\/wordpress\/plugins\/seo\/ -->\n<title>Printbox user privacy<\/title>\n<meta name=\"description\" content=\"Printbox Privacy policy\" \/>\n<meta name=\"robots\" content=\"index, follow, max-snippet:-1, max-image-preview:large, max-video-preview:-1\" \/>\n<link rel=\"canonical\" href=\"https:\/\/printbox.net\/hr\/user-privacy-sl\/\" \/>\n<meta property=\"og:locale\" content=\"hr_HR\" \/>\n<meta property=\"og:type\" content=\"article\" \/>\n<meta property=\"og:title\" content=\"Printbox user privacy\" \/>\n<meta property=\"og:description\" content=\"Printbox Privacy policy\" \/>\n<meta property=\"og:url\" content=\"https:\/\/printbox.net\/hr\/user-privacy-sl\/\" \/>\n<meta property=\"article:modified_time\" content=\"2026-02-06T10:48:10+00:00\" \/>\n<meta name=\"twitter:card\" content=\"summary_large_image\" \/>\n<meta name=\"twitter:label1\" content=\"Procijenjeno vrijeme \u010ditanja\" \/>\n\t<meta name=\"twitter:data1\" content=\"2 minute\" \/>\n<script type=\"application\/ld+json\" class=\"yoast-schema-graph\">{\"@context\":\"https:\/\/schema.org\",\"@graph\":[{\"@type\":\"WebPage\",\"@id\":\"https:\/\/printbox.net\/en\/user-privacy-sl\/\",\"url\":\"https:\/\/printbox.net\/en\/user-privacy-sl\/\",\"name\":\"Printbox user privacy\",\"isPartOf\":{\"@id\":\"https:\/\/printbox.net\/sl\/#website\"},\"datePublished\":\"2021-12-20T14:45:34+00:00\",\"dateModified\":\"2026-02-06T10:48:10+00:00\",\"description\":\"Printbox Privacy policy\",\"breadcrumb\":{\"@id\":\"https:\/\/printbox.net\/en\/user-privacy-sl\/#breadcrumb\"},\"inLanguage\":\"hr\",\"potentialAction\":[{\"@type\":\"ReadAction\",\"target\":[\"https:\/\/printbox.net\/en\/user-privacy-sl\/\"]}]},{\"@type\":\"BreadcrumbList\",\"@id\":\"https:\/\/printbox.net\/en\/user-privacy-sl\/#breadcrumb\",\"itemListElement\":[{\"@type\":\"ListItem\",\"position\":1,\"name\":\"Home\",\"item\":\"https:\/\/printbox.net\/en\/\"},{\"@type\":\"ListItem\",\"position\":2,\"name\":\"User privacy SL\"}]},{\"@type\":\"WebSite\",\"@id\":\"https:\/\/printbox.net\/sl\/#website\",\"url\":\"https:\/\/printbox.net\/sl\/\",\"name\":\"\",\"description\":\"\",\"potentialAction\":[{\"@type\":\"SearchAction\",\"target\":{\"@type\":\"EntryPoint\",\"urlTemplate\":\"https:\/\/printbox.net\/sl\/?s={search_term_string}\"},\"query-input\":{\"@type\":\"PropertyValueSpecification\",\"valueRequired\":true,\"valueName\":\"search_term_string\"}}],\"inLanguage\":\"hr\"}]}<\/script>\n<!-- \/ Yoast SEO plugin. -->","yoast_head_json":{"title":"Privatnost korisnika Printboxa","description":"Printbox Politika privatnosti","robots":{"index":"index","follow":"follow","max-snippet":"max-snippet:-1","max-image-preview":"max-image-preview:large","max-video-preview":"max-video-preview:-1"},"canonical":"https:\/\/printbox.net\/hr\/user-privacy-sl\/","og_locale":"hr_HR","og_type":"article","og_title":"Printbox user privacy","og_description":"Printbox Privacy policy","og_url":"https:\/\/printbox.net\/hr\/user-privacy-sl\/","article_modified_time":"2026-02-06T10:48:10+00:00","twitter_card":"summary_large_image","twitter_misc":{"Procijenjeno vrijeme \u010ditanja":"2 minute"},"schema":{"@context":"https:\/\/schema.org","@graph":[{"@type":"WebPage","@id":"https:\/\/printbox.net\/en\/user-privacy-sl\/","url":"https:\/\/printbox.net\/en\/user-privacy-sl\/","name":"Privatnost korisnika Printboxa","isPartOf":{"@id":"https:\/\/printbox.net\/sl\/#website"},"datePublished":"2021-12-20T14:45:34+00:00","dateModified":"2026-02-06T10:48:10+00:00","description":"Printbox Politika privatnosti","breadcrumb":{"@id":"https:\/\/printbox.net\/en\/user-privacy-sl\/#breadcrumb"},"inLanguage":"hr","potentialAction":[{"@type":"ReadAction","target":["https:\/\/printbox.net\/en\/user-privacy-sl\/"]}]},{"@type":"BreadcrumbList","@id":"https:\/\/printbox.net\/en\/user-privacy-sl\/#breadcrumb","itemListElement":[{"@type":"ListItem","position":1,"name":"Home","item":"https:\/\/printbox.net\/en\/"},{"@type":"ListItem","position":2,"name":"User privacy SL"}]},{"@type":"WebSite","@id":"https:\/\/printbox.net\/sl\/#website","url":"https:\/\/printbox.net\/sl\/","name":"","description":"","potentialAction":[{"@type":"SearchAction","target":{"@type":"EntryPoint","urlTemplate":"https:\/\/printbox.net\/sl\/?s={search_term_string}"},"query-input":{"@type":"PropertyValueSpecification","valueRequired":true,"valueName":"search_term_string"}}],"inLanguage":"hr"}]}},"_links":{"self":[{"href":"https:\/\/printbox.net\/hr\/wp-json\/wp\/v2\/pages\/1505","targetHints":{"allow":["GET"]}}],"collection":[{"href":"https:\/\/printbox.net\/hr\/wp-json\/wp\/v2\/pages"}],"about":[{"href":"https:\/\/printbox.net\/hr\/wp-json\/wp\/v2\/types\/page"}],"author":[{"embeddable":true,"href":"https:\/\/printbox.net\/hr\/wp-json\/wp\/v2\/users\/2"}],"replies":[{"embeddable":true,"href":"https:\/\/printbox.net\/hr\/wp-json\/wp\/v2\/comments?post=1505"}],"version-history":[{"count":12,"href":"https:\/\/printbox.net\/hr\/wp-json\/wp\/v2\/pages\/1505\/revisions"}],"predecessor-version":[{"id":7979,"href":"https:\/\/printbox.net\/hr\/wp-json\/wp\/v2\/pages\/1505\/revisions\/7979"}],"wp:attachment":[{"href":"https:\/\/printbox.net\/hr\/wp-json\/wp\/v2\/media?parent=1505"}],"curies":[{"name":"wp","href":"https:\/\/api.w.org\/{rel}","templated":true}]}}