{"id":1032,"date":"2021-07-15T13:49:16","date_gmt":"2021-07-15T11:49:16","guid":{"rendered":"https:\/\/printbox.net\/?page_id=1032"},"modified":"2025-10-01T14:08:54","modified_gmt":"2025-10-01T12:08:54","slug":"printbox-selfservice-printing","status":"publish","type":"page","link":"https:\/\/printbox.net\/fr\/","title":{"rendered":"R\u00e9seau Printbox"},"content":{"rendered":"<div data-elementor-type=\"wp-page\" data-elementor-id=\"1032\" class=\"elementor elementor-1032\" data-elementor-post-type=\"page\">\n\t\t\t\t\t\t<section class=\"elementor-section elementor-top-section elementor-element elementor-element-2ee4e4b5 elementor-section-height-min-height elementor-section-content-middle elementor-reverse-mobile elementor-section-boxed elementor-section-height-default elementor-section-items-middle\" data-id=\"2ee4e4b5\" data-element_type=\"section\" data-settings=\"{&quot;background_background&quot;:&quot;classic&quot;}\">\n\t\t\t\t\t\t<div class=\"elementor-container elementor-column-gap-no\">\n\t\t\t\t\t<div class=\"elementor-column elementor-col-50 elementor-top-column elementor-element elementor-element-3566eca7\" data-id=\"3566eca7\" data-element_type=\"column\">\n\t\t\t<div class=\"elementor-widget-wrap elementor-element-populated\">\n\t\t\t\t\t\t<div class=\"elementor-element elementor-element-59118f53 elementor-widget elementor-widget-heading\" data-id=\"59118f53\" data-element_type=\"widget\" data-widget_type=\"heading.default\">\n\t\t\t\t<div class=\"elementor-widget-container\">\n\t\t\t\t\t<h2 class=\"elementor-heading-title elementor-size-default\">Printbox \u2013 Votre imprimante en libre-service pour une impression simple et rapide<\/h2>\t\t\t\t<\/div>\n\t\t\t\t<\/div>\n\t\t\t\t<div class=\"elementor-element elementor-element-8b0d844 elementor-widget elementor-widget-text-editor\" data-id=\"8b0d844\" data-element_type=\"widget\" data-widget_type=\"text-editor.default\">\n\t\t\t\t<div class=\"elementor-widget-container\">\n\t\t\t\t\t\t\t\t\t<p data-start=\"139\" data-end=\"459\">Printbox est un r\u00e9seau europ\u00e9en de bornes d\u2019impression en libre-service, leader sur son march\u00e9, qui propose l\u2019impression rapide et abordable de tous vos documents. <strong data-start=\"241\" data-end=\"289\">printing of documents<\/strong>Les bornes Printbox sont install\u00e9es dans des lieux pratiques et accessibles \u2013 biblioth\u00e8ques, centres commerciaux, universit\u00e9s, r\u00e9sidences \u00e9tudiantes, commerces ouverts 24h\/24 et institutions publiques \u2013 afin que vous puissiez imprimer vos documents \u00e0 tout moment, o\u00f9 que vous soyez.<\/p><p data-start=\"461\" data-end=\"759\">Forte de plus de 10 ans d\u2019exp\u00e9rience et d\u2019une pr\u00e9sence dans plusieurs pays de l\u2019Union europ\u00e9enne, Printbox est devenue synonyme <strong data-start=\"566\" data-end=\"594\">de fiabilit\u00e9 en mati\u00e8re d\u2019impression en libre-service.<\/strong>Les utilisateurs peuvent t\u00e9l\u00e9verser leurs fichiers via l\u2019application mobile Printbox, par e-mail, depuis notre site ou via cl\u00e9 USB, acheter des cr\u00e9dits directement \u00e0 la borne ou en ligne, et imprimer instantan\u00e9ment leurs documents.<\/p><p data-start=\"461\" data-end=\"759\">Printbox, c\u2019est le service d\u2019impression simple, rapide et accessible \u00e0 tous \u2014 partout et \u00e0 tout moment.\u00a0<\/p>\t\t\t\t\t\t\t\t<\/div>\n\t\t\t\t<\/div>\n\t\t\t\t<section class=\"elementor-section elementor-inner-section elementor-element elementor-element-5ab4652 elementor-section-boxed elementor-section-height-default elementor-section-height-default\" data-id=\"5ab4652\" data-element_type=\"section\">\n\t\t\t\t\t\t<div class=\"elementor-container elementor-column-gap-default\">\n\t\t\t\t\t<div class=\"elementor-column elementor-col-100 elementor-inner-column elementor-element elementor-element-66e2b6a\" data-id=\"66e2b6a\" data-element_type=\"column\">\n\t\t\t<div class=\"elementor-widget-wrap elementor-element-populated\">\n\t\t\t\t\t\t<div class=\"elementor-element elementor-element-fd6c7f1 elementor-widget elementor-widget-text-editor\" data-id=\"fd6c7f1\" data-element_type=\"widget\" data-widget_type=\"text-editor.default\">\n\t\t\t\t<div class=\"elementor-widget-container\">\n\t\t\t\t\t\t\t\t\t<p>Veuillez choisir votre r\u00e9seau Printbox :<\/p>\t\t\t\t\t\t\t\t<\/div>\n\t\t\t\t<\/div>\n\t\t\t\t\t<\/div>\n\t\t<\/div>\n\t\t\t\t\t<\/div>\n\t\t<\/section>\n\t\t\t\t<section class=\"elementor-section elementor-inner-section elementor-element elementor-element-1e264fe elementor-section-full_width elementor-section-height-default elementor-section-height-default\" data-id=\"1e264fe\" data-element_type=\"section\">\n\t\t\t\t\t\t<div class=\"elementor-container elementor-column-gap-default\">\n\t\t\t\t\t<div class=\"elementor-column elementor-col-100 elementor-inner-column elementor-element elementor-element-094bfba\" data-id=\"094bfba\" data-element_type=\"column\">\n\t\t\t<div class=\"elementor-widget-wrap elementor-element-populated\">\n\t\t\t\t\t\t<div class=\"elementor-element elementor-element-43867c3a elementor-align-justify elementor-widget__width-initial elementor-widget elementor-widget-button\" data-id=\"43867c3a\" data-element_type=\"widget\" data-widget_type=\"button.default\">\n\t\t\t\t<div class=\"elementor-widget-container\">\n\t\t\t\t\t\t\t\t\t<div class=\"elementor-button-wrapper\">\n\t\t\t\t\t<a class=\"elementor-button elementor-button-link elementor-size-md\" href=\"https:\/\/printbox.net\/fr\/slovenia\/\">\n\t\t\t\t\t\t<span class=\"elementor-button-content-wrapper\">\n\t\t\t\t\t\t\t\t\t<span class=\"elementor-button-text\">Printbox Slov\u00e9nie<\/span>\n\t\t\t\t\t<\/span>\n\t\t\t\t\t<\/a>\n\t\t\t\t<\/div>\n\t\t\t\t\t\t\t\t<\/div>\n\t\t\t\t<\/div>\n\t\t\t\t\t<\/div>\n\t\t<\/div>\n\t\t\t\t\t<\/div>\n\t\t<\/section>\n\t\t\t\t<section class=\"elementor-section elementor-inner-section elementor-element elementor-element-9bd32f8 elementor-section-full_width elementor-section-height-default elementor-section-height-default\" data-id=\"9bd32f8\" data-element_type=\"section\">\n\t\t\t\t\t\t<div class=\"elementor-container elementor-column-gap-default\">\n\t\t\t\t\t<div class=\"elementor-column elementor-col-100 elementor-inner-column elementor-element elementor-element-5d95b95\" data-id=\"5d95b95\" data-element_type=\"column\">\n\t\t\t<div class=\"elementor-widget-wrap elementor-element-populated\">\n\t\t\t\t\t\t<div class=\"elementor-element elementor-element-9c7f1ed elementor-align-justify elementor-widget__width-initial elementor-widget elementor-widget-button\" data-id=\"9c7f1ed\" data-element_type=\"widget\" data-widget_type=\"button.default\">\n\t\t\t\t<div class=\"elementor-widget-container\">\n\t\t\t\t\t\t\t\t\t<div class=\"elementor-button-wrapper\">\n\t\t\t\t\t<a class=\"elementor-button elementor-button-link elementor-size-md\" href=\"https:\/\/printbox.net\/fr\/austria\/\">\n\t\t\t\t\t\t<span class=\"elementor-button-content-wrapper\">\n\t\t\t\t\t\t\t\t\t<span class=\"elementor-button-text\">Printbox Autriche<\/span>\n\t\t\t\t\t<\/span>\n\t\t\t\t\t<\/a>\n\t\t\t\t<\/div>\n\t\t\t\t\t\t\t\t<\/div>\n\t\t\t\t<\/div>\n\t\t\t\t\t<\/div>\n\t\t<\/div>\n\t\t\t\t\t<\/div>\n\t\t<\/section>\n\t\t\t\t<section class=\"elementor-section elementor-inner-section elementor-element elementor-element-d1ce930 elementor-section-full_width elementor-section-height-default elementor-section-height-default\" data-id=\"d1ce930\" data-element_type=\"section\">\n\t\t\t\t\t\t<div class=\"elementor-container elementor-column-gap-default\">\n\t\t\t\t\t<div class=\"elementor-column elementor-col-100 elementor-inner-column elementor-element elementor-element-7433475\" data-id=\"7433475\" data-element_type=\"column\">\n\t\t\t<div class=\"elementor-widget-wrap elementor-element-populated\">\n\t\t\t\t\t\t<div class=\"elementor-element elementor-element-a9a0444 elementor-align-justify elementor-widget__width-initial elementor-widget elementor-widget-button\" data-id=\"a9a0444\" data-element_type=\"widget\" data-widget_type=\"button.default\">\n\t\t\t\t<div class=\"elementor-widget-container\">\n\t\t\t\t\t\t\t\t\t<div class=\"elementor-button-wrapper\">\n\t\t\t\t\t<a class=\"elementor-button elementor-button-link elementor-size-md\" href=\"https:\/\/printbox.net\/fr\/cro\/\">\n\t\t\t\t\t\t<span class=\"elementor-button-content-wrapper\">\n\t\t\t\t\t\t\t\t\t<span class=\"elementor-button-text\">Printbox Croatie<\/span>\n\t\t\t\t\t<\/span>\n\t\t\t\t\t<\/a>\n\t\t\t\t<\/div>\n\t\t\t\t\t\t\t\t<\/div>\n\t\t\t\t<\/div>\n\t\t\t\t\t<\/div>\n\t\t<\/div>\n\t\t\t\t\t<\/div>\n\t\t<\/section>\n\t\t\t\t<section class=\"elementor-section elementor-inner-section elementor-element elementor-element-0427fbc elementor-section-full_width elementor-section-height-default elementor-section-height-default\" data-id=\"0427fbc\" data-element_type=\"section\">\n\t\t\t\t\t\t<div class=\"elementor-container elementor-column-gap-default\">\n\t\t\t\t\t<div class=\"elementor-column elementor-col-100 elementor-inner-column elementor-element elementor-element-5085218\" data-id=\"5085218\" data-element_type=\"column\">\n\t\t\t<div class=\"elementor-widget-wrap elementor-element-populated\">\n\t\t\t\t\t\t<div class=\"elementor-element elementor-element-3d4d7a3 elementor-align-justify elementor-widget__width-initial elementor-widget elementor-widget-button\" data-id=\"3d4d7a3\" data-element_type=\"widget\" data-widget_type=\"button.default\">\n\t\t\t\t<div class=\"elementor-widget-container\">\n\t\t\t\t\t\t\t\t\t<div class=\"elementor-button-wrapper\">\n\t\t\t\t\t<a class=\"elementor-button elementor-button-link elementor-size-md\" href=\"https:\/\/printboxlatvia.lv\/\">\n\t\t\t\t\t\t<span class=\"elementor-button-content-wrapper\">\n\t\t\t\t\t\t\t\t\t<span class=\"elementor-button-text\">Printbox Lettonie<\/span>\n\t\t\t\t\t<\/span>\n\t\t\t\t\t<\/a>\n\t\t\t\t<\/div>\n\t\t\t\t\t\t\t\t<\/div>\n\t\t\t\t<\/div>\n\t\t\t\t\t<\/div>\n\t\t<\/div>\n\t\t\t\t\t<\/div>\n\t\t<\/section>\n\t\t\t\t<section class=\"elementor-section elementor-inner-section elementor-element elementor-element-8413412 elementor-section-full_width elementor-section-height-default elementor-section-height-default\" data-id=\"8413412\" data-element_type=\"section\">\n\t\t\t\t\t\t<div class=\"elementor-container elementor-column-gap-default\">\n\t\t\t\t\t<div class=\"elementor-column elementor-col-100 elementor-inner-column elementor-element elementor-element-6ee496e\" data-id=\"6ee496e\" data-element_type=\"column\">\n\t\t\t<div class=\"elementor-widget-wrap elementor-element-populated\">\n\t\t\t\t\t\t<div class=\"elementor-element elementor-element-85f3d4d elementor-align-justify elementor-widget__width-initial elementor-widget elementor-widget-button\" data-id=\"85f3d4d\" data-element_type=\"widget\" data-widget_type=\"button.default\">\n\t\t\t\t<div class=\"elementor-widget-container\">\n\t\t\t\t\t\t\t\t\t<div class=\"elementor-button-wrapper\">\n\t\t\t\t\t<a class=\"elementor-button elementor-button-link elementor-size-md\" href=\"https:\/\/printbox.net\/fr\/france\/\">\n\t\t\t\t\t\t<span class=\"elementor-button-content-wrapper\">\n\t\t\t\t\t\t\t\t\t<span class=\"elementor-button-text\">Printbox France<\/span>\n\t\t\t\t\t<\/span>\n\t\t\t\t\t<\/a>\n\t\t\t\t<\/div>\n\t\t\t\t\t\t\t\t<\/div>\n\t\t\t\t<\/div>\n\t\t\t\t\t<\/div>\n\t\t<\/div>\n\t\t\t\t\t<\/div>\n\t\t<\/section>\n\t\t\t\t\t<\/div>\n\t\t<\/div>\n\t\t\t\t<div class=\"elementor-column elementor-col-50 elementor-top-column elementor-element elementor-element-2b5eac48\" data-id=\"2b5eac48\" data-element_type=\"column\">\n\t\t\t<div class=\"elementor-widget-wrap elementor-element-populated\">\n\t\t\t\t\t\t<div class=\"elementor-element elementor-element-1fd1a76f elementor-hidden-mobile_extra elementor-hidden-mobile elementor-widget__width-initial elementor-widget elementor-widget-image\" data-id=\"1fd1a76f\" data-element_type=\"widget\" data-widget_type=\"image.default\">\n\t\t\t\t<div class=\"elementor-widget-container\">\n\t\t\t\t\t\t\t\t\t\t\t\t\t\t\t<img fetchpriority=\"high\" decoding=\"async\" width=\"1024\" height=\"1024\" src=\"https:\/\/printbox.net\/wp-content\/uploads\/2021\/05\/Slika-5-01.jpg\" class=\"attachment-full size-full wp-image-706\" alt=\"\" srcset=\"https:\/\/printbox.net\/wp-content\/uploads\/2021\/05\/Slika-5-01.jpg 1024w, https:\/\/printbox.net\/wp-content\/uploads\/2021\/05\/Slika-5-01-300x300.jpg 300w, https:\/\/printbox.net\/wp-content\/uploads\/2021\/05\/Slika-5-01-150x150.jpg 150w, https:\/\/printbox.net\/wp-content\/uploads\/2021\/05\/Slika-5-01-768x768.jpg 768w\" sizes=\"(max-width: 1024px) 100vw, 1024px\" \/>\t\t\t\t\t\t\t\t\t\t\t\t\t\t\t<\/div>\n\t\t\t\t<\/div>\n\t\t\t\t<div class=\"elementor-element elementor-element-4078ae5 elementor-hidden-mobile_extra elementor-hidden-mobile elementor-widget__width-initial elementor-widget elementor-widget-image\" data-id=\"4078ae5\" data-element_type=\"widget\" data-widget_type=\"image.default\">\n\t\t\t\t<div class=\"elementor-widget-container\">\n\t\t\t\t\t\t\t\t\t\t\t\t\t\t\t<img decoding=\"async\" width=\"1024\" height=\"1024\" src=\"https:\/\/printbox.net\/wp-content\/uploads\/2021\/05\/Slika-2-01.jpg\" class=\"attachment-full size-full wp-image-709\" alt=\"\" srcset=\"https:\/\/printbox.net\/wp-content\/uploads\/2021\/05\/Slika-2-01.jpg 1024w, https:\/\/printbox.net\/wp-content\/uploads\/2021\/05\/Slika-2-01-300x300.jpg 300w, https:\/\/printbox.net\/wp-content\/uploads\/2021\/05\/Slika-2-01-150x150.jpg 150w, https:\/\/printbox.net\/wp-content\/uploads\/2021\/05\/Slika-2-01-768x768.jpg 768w\" sizes=\"(max-width: 1024px) 100vw, 1024px\" \/>\t\t\t\t\t\t\t\t\t\t\t\t\t\t\t<\/div>\n\t\t\t\t<\/div>\n\t\t\t\t\t<\/div>\n\t\t<\/div>\n\t\t\t\t\t<\/div>\n\t\t<\/section>\n\t\t\t\t<\/div>","protected":false},"excerpt":{"rendered":"<p>Printbox \u2013 Self-service printing kiosks for easy document printing Printbox is a leading network of self-service printing kiosks in Europe, offering fast and affordable printing of documents. Our Printbox machines are conveniently located \u2013 in libraries, shopping centers, universities, student dormitories, 24\/7 shops and public institutions \u2013 so you can print your documents anytime, anywhere. [&hellip;]<\/p>","protected":false},"author":2,"featured_media":0,"parent":0,"menu_order":0,"comment_status":"closed","ping_status":"closed","template":"","meta":{"footnotes":""},"class_list":["post-1032","page","type-page","status-publish","hentry"],"yoast_head":"<!-- This site is optimized with the Yoast SEO plugin v26.6 - https:\/\/yoast.com\/wordpress\/plugins\/seo\/ -->\n<title>Printbox self-service print vending machine<\/title>\n<meta name=\"description\" content=\"Printbox self-service print vending machine for color A4 document printing, scanning and copying on our Printbox network.\" \/>\n<meta name=\"robots\" content=\"index, follow, max-snippet:-1, max-image-preview:large, max-video-preview:-1\" \/>\n<link rel=\"canonical\" href=\"https:\/\/printbox.net\/fr\/\" \/>\n<meta property=\"og:locale\" content=\"fr_FR\" \/>\n<meta property=\"og:type\" content=\"article\" \/>\n<meta property=\"og:title\" content=\"Printbox self-service print vending machine\" \/>\n<meta property=\"og:description\" content=\"Printbox self-service print vending machine for color A4 document printing, scanning and copying on our Printbox network.\" \/>\n<meta property=\"og:url\" content=\"https:\/\/printbox.net\/fr\/\" \/>\n<meta property=\"article:modified_time\" content=\"2025-10-01T12:08:54+00:00\" \/>\n<meta property=\"og:image\" content=\"https:\/\/printbox.net\/wp-content\/uploads\/2021\/05\/Slika-5-01.jpg\" \/>\n\t<meta property=\"og:image:width\" content=\"1024\" \/>\n\t<meta property=\"og:image:height\" content=\"1024\" \/>\n\t<meta property=\"og:image:type\" content=\"image\/jpeg\" \/>\n<meta name=\"twitter:card\" content=\"summary_large_image\" \/>\n<meta name=\"twitter:label1\" content=\"Dur\u00e9e de lecture estim\u00e9e\" \/>\n\t<meta name=\"twitter:data1\" content=\"1 minute\" \/>\n<script type=\"application\/ld+json\" class=\"yoast-schema-graph\">{\"@context\":\"https:\/\/schema.org\",\"@graph\":[{\"@type\":\"WebPage\",\"@id\":\"https:\/\/printbox.net\/en\/\",\"url\":\"https:\/\/printbox.net\/en\/\",\"name\":\"Printbox self-service print vending machine\",\"isPartOf\":{\"@id\":\"https:\/\/printbox.net\/sl\/#website\"},\"primaryImageOfPage\":{\"@id\":\"https:\/\/printbox.net\/en\/#primaryimage\"},\"image\":{\"@id\":\"https:\/\/printbox.net\/en\/#primaryimage\"},\"thumbnailUrl\":\"https:\/\/printbox.net\/wp-content\/uploads\/2021\/05\/Slika-5-01.jpg\",\"datePublished\":\"2021-07-15T11:49:16+00:00\",\"dateModified\":\"2025-10-01T12:08:54+00:00\",\"description\":\"Printbox self-service print vending machine for color A4 document printing, scanning and copying on our Printbox network.\",\"breadcrumb\":{\"@id\":\"https:\/\/printbox.net\/en\/#breadcrumb\"},\"inLanguage\":\"fr-FR\",\"potentialAction\":[{\"@type\":\"ReadAction\",\"target\":[\"https:\/\/printbox.net\/en\/\"]}]},{\"@type\":\"ImageObject\",\"inLanguage\":\"fr-FR\",\"@id\":\"https:\/\/printbox.net\/en\/#primaryimage\",\"url\":\"https:\/\/printbox.net\/wp-content\/uploads\/2021\/05\/Slika-5-01.jpg\",\"contentUrl\":\"https:\/\/printbox.net\/wp-content\/uploads\/2021\/05\/Slika-5-01.jpg\"},{\"@type\":\"BreadcrumbList\",\"@id\":\"https:\/\/printbox.net\/en\/#breadcrumb\",\"itemListElement\":[{\"@type\":\"ListItem\",\"position\":1,\"name\":\"Home\",\"item\":\"https:\/\/printbox.net\/en\/\"},{\"@type\":\"ListItem\",\"position\":2,\"name\":\"Printbox network\"}]},{\"@type\":\"WebSite\",\"@id\":\"https:\/\/printbox.net\/sl\/#website\",\"url\":\"https:\/\/printbox.net\/sl\/\",\"name\":\"\",\"description\":\"\",\"potentialAction\":[{\"@type\":\"SearchAction\",\"target\":{\"@type\":\"EntryPoint\",\"urlTemplate\":\"https:\/\/printbox.net\/sl\/?s={search_term_string}\"},\"query-input\":{\"@type\":\"PropertyValueSpecification\",\"valueRequired\":true,\"valueName\":\"search_term_string\"}}],\"inLanguage\":\"fr-FR\"}]}<\/script>\n<!-- \/ Yoast SEO plugin. -->","yoast_head_json":{"title":"Distributeur automatique d'imprim\u00e9s en libre-service Printbox","description":"Distributeur automatique d'impression en libre-service Printbox pour l'impression, la num\u00e9risation et la copie de documents A4 en couleur sur notre r\u00e9seau Printbox.","robots":{"index":"index","follow":"follow","max-snippet":"max-snippet:-1","max-image-preview":"max-image-preview:large","max-video-preview":"max-video-preview:-1"},"canonical":"https:\/\/printbox.net\/fr\/","og_locale":"fr_FR","og_type":"article","og_title":"Printbox self-service print vending machine","og_description":"Printbox self-service print vending machine for color A4 document printing, scanning and copying on our Printbox network.","og_url":"https:\/\/printbox.net\/fr\/","article_modified_time":"2025-10-01T12:08:54+00:00","og_image":[{"width":1024,"height":1024,"url":"https:\/\/printbox.net\/wp-content\/uploads\/2021\/05\/Slika-5-01.jpg","type":"image\/jpeg"}],"twitter_card":"summary_large_image","twitter_misc":{"Dur\u00e9e de lecture estim\u00e9e":"1 minute"},"schema":{"@context":"https:\/\/schema.org","@graph":[{"@type":"WebPage","@id":"https:\/\/printbox.net\/en\/","url":"https:\/\/printbox.net\/en\/","name":"Distributeur automatique d'imprim\u00e9s en libre-service Printbox","isPartOf":{"@id":"https:\/\/printbox.net\/sl\/#website"},"primaryImageOfPage":{"@id":"https:\/\/printbox.net\/en\/#primaryimage"},"image":{"@id":"https:\/\/printbox.net\/en\/#primaryimage"},"thumbnailUrl":"https:\/\/printbox.net\/wp-content\/uploads\/2021\/05\/Slika-5-01.jpg","datePublished":"2021-07-15T11:49:16+00:00","dateModified":"2025-10-01T12:08:54+00:00","description":"Distributeur automatique d'impression en libre-service Printbox pour l'impression, la num\u00e9risation et la copie de documents A4 en couleur sur notre r\u00e9seau Printbox.","breadcrumb":{"@id":"https:\/\/printbox.net\/en\/#breadcrumb"},"inLanguage":"fr-FR","potentialAction":[{"@type":"ReadAction","target":["https:\/\/printbox.net\/en\/"]}]},{"@type":"ImageObject","inLanguage":"fr-FR","@id":"https:\/\/printbox.net\/en\/#primaryimage","url":"https:\/\/printbox.net\/wp-content\/uploads\/2021\/05\/Slika-5-01.jpg","contentUrl":"https:\/\/printbox.net\/wp-content\/uploads\/2021\/05\/Slika-5-01.jpg"},{"@type":"BreadcrumbList","@id":"https:\/\/printbox.net\/en\/#breadcrumb","itemListElement":[{"@type":"ListItem","position":1,"name":"Home","item":"https:\/\/printbox.net\/en\/"},{"@type":"ListItem","position":2,"name":"Printbox network"}]},{"@type":"WebSite","@id":"https:\/\/printbox.net\/sl\/#website","url":"https:\/\/printbox.net\/sl\/","name":"","description":"","potentialAction":[{"@type":"SearchAction","target":{"@type":"EntryPoint","urlTemplate":"https:\/\/printbox.net\/sl\/?s={search_term_string}"},"query-input":{"@type":"PropertyValueSpecification","valueRequired":true,"valueName":"search_term_string"}}],"inLanguage":"fr-FR"}]}},"_links":{"self":[{"href":"https:\/\/printbox.net\/fr\/wp-json\/wp\/v2\/pages\/1032","targetHints":{"allow":["GET"]}}],"collection":[{"href":"https:\/\/printbox.net\/fr\/wp-json\/wp\/v2\/pages"}],"about":[{"href":"https:\/\/printbox.net\/fr\/wp-json\/wp\/v2\/types\/page"}],"author":[{"embeddable":true,"href":"https:\/\/printbox.net\/fr\/wp-json\/wp\/v2\/users\/2"}],"replies":[{"embeddable":true,"href":"https:\/\/printbox.net\/fr\/wp-json\/wp\/v2\/comments?post=1032"}],"version-history":[{"count":303,"href":"https:\/\/printbox.net\/fr\/wp-json\/wp\/v2\/pages\/1032\/revisions"}],"predecessor-version":[{"id":7576,"href":"https:\/\/printbox.net\/fr\/wp-json\/wp\/v2\/pages\/1032\/revisions\/7576"}],"wp:attachment":[{"href":"https:\/\/printbox.net\/fr\/wp-json\/wp\/v2\/media?parent=1032"}],"curies":[{"name":"wp","href":"https:\/\/api.w.org\/{rel}","templated":true}]}}