{"id":1505,"date":"2021-12-20T15:45:34","date_gmt":"2021-12-20T14:45:34","guid":{"rendered":"https:\/\/printbox.net\/?page_id=1505"},"modified":"2026-02-06T11:48:10","modified_gmt":"2026-02-06T10:48:10","slug":"user-privacy-sl","status":"publish","type":"page","link":"https:\/\/printbox.net\/de\/user-privacy-sl\/","title":{"rendered":"User privacy SL"},"content":{"rendered":"<div data-elementor-type=\"wp-page\" data-elementor-id=\"1505\" class=\"elementor elementor-1505\" data-elementor-post-type=\"page\">\n\t\t\t\t\t\t<section class=\"elementor-section elementor-top-section elementor-element elementor-element-d6b39a7 elementor-section-boxed elementor-section-height-default elementor-section-height-default\" data-id=\"d6b39a7\" data-element_type=\"section\">\n\t\t\t\t\t\t<div class=\"elementor-container elementor-column-gap-default\">\n\t\t\t\t\t<div class=\"elementor-column elementor-col-100 elementor-top-column elementor-element elementor-element-1d0baaa\" data-id=\"1d0baaa\" data-element_type=\"column\">\n\t\t\t<div class=\"elementor-widget-wrap\">\n\t\t\t\t\t\t\t<\/div>\n\t\t<\/div>\n\t\t\t\t\t<\/div>\n\t\t<\/section>\n\t\t\t\t<section class=\"elementor-section elementor-top-section elementor-element elementor-element-9368c6b elementor-section-boxed elementor-section-height-default elementor-section-height-default\" data-id=\"9368c6b\" data-element_type=\"section\">\n\t\t\t\t\t\t<div class=\"elementor-container elementor-column-gap-default\">\n\t\t\t\t\t<div class=\"elementor-column elementor-col-100 elementor-top-column elementor-element elementor-element-507969b\" data-id=\"507969b\" data-element_type=\"column\">\n\t\t\t<div class=\"elementor-widget-wrap elementor-element-populated\">\n\t\t\t\t\t\t<div class=\"elementor-element elementor-element-be9ad6f elementor-widget elementor-widget-text-editor\" data-id=\"be9ad6f\" data-element_type=\"widget\" data-widget_type=\"text-editor.default\">\n\t\t\t\t<div class=\"elementor-widget-container\">\n\t\t\t\t\t\t\t\t\t<p><strong>Privatsph\u00e4re<\/strong><\/p><p>Die Daten, die vom Benutzer \u00fcber Formulare auf der Webseite printbox.net oder auf andere Weise (per E-Mail, Telefon usw.) \u00fcbermittelt werden, sind vertraulich und werden gem\u00e4\u00df der geltenden slowenischen Gesetzgebung behandelt. Print boks doo sch\u00fctzt die personenbezogenen Daten und verhindert deren Missbrauch. Die personenbezogenen Daten werden nur f\u00fcr die vom Benutzer genehmigten Zwecke verwendet. Der Benutzer ist auch selbst f\u00fcr die Sicherheit personenbezogener Daten verantwortlich, indem er daf\u00fcr sorgt, dass sein Benutzername und sein Passwort sicher sind. F\u00fcr die \u00dcbertragung aller pers\u00f6nlichen Daten des Benutzers verwendet Print boks doo die Technologie SLL, die die Verschl\u00fcsselung aller mit den Bestellungen gesendeten Informationen erm\u00f6glicht. Bei Verwendung der Kreditkarte als Zahlungsmittel werden die eingegebenen Daten von Ihrem Computer in verschl\u00fcsselter Form direkt an den Autorisierungsserver der Bank gesendet.<\/p><p><strong>Kekse<\/strong><\/p><p>\u201eCookies\u201c sind kleine Dateien, die die Website an den Browser des Internetnutzers sendet. Bei wiederholtem Besuch der Website sendet der Browser diese an den Server zur\u00fcck und identifiziert so den Benutzer. Auf diese Weise kann die Website beispielsweise die Werbung an den Benutzer anpassen, den Besuchsverlauf aufzeichnen, die Einstellungen und Benutzernamen und Passw\u00f6rter speichern usw. \u2013 verschiedene Informationen sammeln, einschlie\u00dflich personenbezogener Daten \u00fcber den Benutzer.<\/p><p>Das neue Gesetz \u00fcber elektronische Kommunikation (ZEKom 1) verlangt, dass jede Website, die Cookies verwendet, dem Benutzer die folgenden Informationen zur Verf\u00fcgung stellt:<\/p><ul><li>welche Cookies es enth\u00e4lt<\/li><li>zu welchem Zweck sie erhoben werden und<\/li><li>wie ist die Art und Weise ihrer Anwendung<\/li><\/ul><p>Wie die meisten Websites versuchen wir, Ihnen durch die Verwendung von Cookies ein besseres, schnelleres und sichereres Erlebnis zu bieten.<\/p><p>Weitere Informationen zu Cookies finden Sie in den Richtlinien des Information Commissioner<\/p><p>Diese Website verwendet die folgenden Cookies:<\/p><table><thead><tr><td><p><strong>Cookie-Name<\/strong><\/p><\/td><td><p><strong>Zweck<\/strong><\/p><\/td><td><p><strong>Quelle \/ Unternehmen<\/strong><\/p><\/td><\/tr><\/thead><tbody><tr><td><p>cb-f\u00e4hig<\/p><\/td><td><p>Akzeptieren der Cookie-Bedingungen<\/p><\/td><td><p>Printbox<\/p><\/td><\/tr><tr><td><p>_utma<\/p><\/td><td><p>Zeichnet die Unterscheidung zwischen Benutzern (Sitzungen) auf.<\/p><\/td><td><p>Google Analytics<\/p><\/td><\/tr><tr><td><p>_utmb<\/p><\/td><td><p>Zeichnet die Unterscheidung zwischen Benutzern (Sitzungen) auf.<\/p><\/td><td><p>Google Analytics<\/p><\/td><\/tr><tr><td><p>_utmc<\/p><\/td><td><p>Die Statistik der Website-Aufrufe.<\/p><\/td><td><p>Google Analytics<\/p><\/td><\/tr><tr><td><p>_utmz<\/p><\/td><td><p>Definiert die Verkehrsquelle oder Werbekampagne.<\/p><\/td><td><p>Google Analytics<\/p><\/td><\/tr><\/tbody><\/table>\t\t\t\t\t\t\t\t<\/div>\n\t\t\t\t<\/div>\n\t\t\t\t\t<\/div>\n\t\t<\/div>\n\t\t\t\t\t<\/div>\n\t\t<\/section>\n\t\t\t\t<\/div>","protected":false},"excerpt":{"rendered":"<p>Datenschutz Die Daten, die der Benutzer \u00fcber Formulare auf der Webseite printbox.net oder auf andere Weise (per E-Mail, Telefon usw.) \u00fcbermittelt, sind vertraulich und werden gem\u00e4\u00df der geltenden slowenischen Gesetzgebung behandelt. Print boks doo sch\u00fctzt die personenbezogenen Daten und verhindert deren Missbrauch. Die personenbezogenen Daten werden [\u2026]<\/p>","protected":false},"author":2,"featured_media":0,"parent":0,"menu_order":0,"comment_status":"closed","ping_status":"closed","template":"","meta":{"footnotes":""},"class_list":["post-1505","page","type-page","status-publish","hentry"],"yoast_head":"<!-- This site is optimized with the Yoast SEO plugin v26.6 - https:\/\/yoast.com\/wordpress\/plugins\/seo\/ -->\n<title>Printbox user privacy<\/title>\n<meta name=\"description\" content=\"Printbox Privacy policy\" \/>\n<meta name=\"robots\" content=\"index, follow, max-snippet:-1, max-image-preview:large, max-video-preview:-1\" \/>\n<link rel=\"canonical\" href=\"https:\/\/printbox.net\/de\/user-privacy-sl\/\" \/>\n<meta property=\"og:locale\" content=\"de_DE\" \/>\n<meta property=\"og:type\" content=\"article\" \/>\n<meta property=\"og:title\" content=\"Printbox user privacy\" \/>\n<meta property=\"og:description\" content=\"Printbox Privacy policy\" \/>\n<meta property=\"og:url\" content=\"https:\/\/printbox.net\/de\/user-privacy-sl\/\" \/>\n<meta property=\"article:modified_time\" content=\"2026-02-06T10:48:10+00:00\" \/>\n<meta name=\"twitter:card\" content=\"summary_large_image\" \/>\n<meta name=\"twitter:label1\" content=\"Gesch\u00e4tzte Lesezeit\" \/>\n\t<meta name=\"twitter:data1\" content=\"2 Minuten\" \/>\n<script type=\"application\/ld+json\" class=\"yoast-schema-graph\">{\"@context\":\"https:\/\/schema.org\",\"@graph\":[{\"@type\":\"WebPage\",\"@id\":\"https:\/\/printbox.net\/en\/user-privacy-sl\/\",\"url\":\"https:\/\/printbox.net\/en\/user-privacy-sl\/\",\"name\":\"Printbox user privacy\",\"isPartOf\":{\"@id\":\"https:\/\/printbox.net\/sl\/#website\"},\"datePublished\":\"2021-12-20T14:45:34+00:00\",\"dateModified\":\"2026-02-06T10:48:10+00:00\",\"description\":\"Printbox Privacy policy\",\"breadcrumb\":{\"@id\":\"https:\/\/printbox.net\/en\/user-privacy-sl\/#breadcrumb\"},\"inLanguage\":\"de-AT\",\"potentialAction\":[{\"@type\":\"ReadAction\",\"target\":[\"https:\/\/printbox.net\/en\/user-privacy-sl\/\"]}]},{\"@type\":\"BreadcrumbList\",\"@id\":\"https:\/\/printbox.net\/en\/user-privacy-sl\/#breadcrumb\",\"itemListElement\":[{\"@type\":\"ListItem\",\"position\":1,\"name\":\"Home\",\"item\":\"https:\/\/printbox.net\/en\/\"},{\"@type\":\"ListItem\",\"position\":2,\"name\":\"User privacy SL\"}]},{\"@type\":\"WebSite\",\"@id\":\"https:\/\/printbox.net\/sl\/#website\",\"url\":\"https:\/\/printbox.net\/sl\/\",\"name\":\"\",\"description\":\"\",\"potentialAction\":[{\"@type\":\"SearchAction\",\"target\":{\"@type\":\"EntryPoint\",\"urlTemplate\":\"https:\/\/printbox.net\/sl\/?s={search_term_string}\"},\"query-input\":{\"@type\":\"PropertyValueSpecification\",\"valueRequired\":true,\"valueName\":\"search_term_string\"}}],\"inLanguage\":\"de-AT\"}]}<\/script>\n<!-- \/ Yoast SEO plugin. -->","yoast_head_json":{"title":"Datenschutz der Printbox-Benutzer","description":"Printbox-Datenschutzrichtlinie","robots":{"index":"index","follow":"follow","max-snippet":"max-snippet:-1","max-image-preview":"max-image-preview:large","max-video-preview":"max-video-preview:-1"},"canonical":"https:\/\/printbox.net\/de\/user-privacy-sl\/","og_locale":"de_DE","og_type":"article","og_title":"Printbox user privacy","og_description":"Printbox Privacy policy","og_url":"https:\/\/printbox.net\/de\/user-privacy-sl\/","article_modified_time":"2026-02-06T10:48:10+00:00","twitter_card":"summary_large_image","twitter_misc":{"Gesch\u00e4tzte Lesezeit":"2 Minuten"},"schema":{"@context":"https:\/\/schema.org","@graph":[{"@type":"WebPage","@id":"https:\/\/printbox.net\/en\/user-privacy-sl\/","url":"https:\/\/printbox.net\/en\/user-privacy-sl\/","name":"Datenschutz der Printbox-Benutzer","isPartOf":{"@id":"https:\/\/printbox.net\/sl\/#website"},"datePublished":"2021-12-20T14:45:34+00:00","dateModified":"2026-02-06T10:48:10+00:00","description":"Printbox-Datenschutzrichtlinie","breadcrumb":{"@id":"https:\/\/printbox.net\/en\/user-privacy-sl\/#breadcrumb"},"inLanguage":"de-AT","potentialAction":[{"@type":"ReadAction","target":["https:\/\/printbox.net\/en\/user-privacy-sl\/"]}]},{"@type":"BreadcrumbList","@id":"https:\/\/printbox.net\/en\/user-privacy-sl\/#breadcrumb","itemListElement":[{"@type":"ListItem","position":1,"name":"Home","item":"https:\/\/printbox.net\/en\/"},{"@type":"ListItem","position":2,"name":"User privacy SL"}]},{"@type":"WebSite","@id":"https:\/\/printbox.net\/sl\/#website","url":"https:\/\/printbox.net\/sl\/","name":"","description":"","potentialAction":[{"@type":"SearchAction","target":{"@type":"EntryPoint","urlTemplate":"https:\/\/printbox.net\/sl\/?s={search_term_string}"},"query-input":{"@type":"PropertyValueSpecification","valueRequired":true,"valueName":"search_term_string"}}],"inLanguage":"de-AT"}]}},"_links":{"self":[{"href":"https:\/\/printbox.net\/de\/wp-json\/wp\/v2\/pages\/1505","targetHints":{"allow":["GET"]}}],"collection":[{"href":"https:\/\/printbox.net\/de\/wp-json\/wp\/v2\/pages"}],"about":[{"href":"https:\/\/printbox.net\/de\/wp-json\/wp\/v2\/types\/page"}],"author":[{"embeddable":true,"href":"https:\/\/printbox.net\/de\/wp-json\/wp\/v2\/users\/2"}],"replies":[{"embeddable":true,"href":"https:\/\/printbox.net\/de\/wp-json\/wp\/v2\/comments?post=1505"}],"version-history":[{"count":12,"href":"https:\/\/printbox.net\/de\/wp-json\/wp\/v2\/pages\/1505\/revisions"}],"predecessor-version":[{"id":7979,"href":"https:\/\/printbox.net\/de\/wp-json\/wp\/v2\/pages\/1505\/revisions\/7979"}],"wp:attachment":[{"href":"https:\/\/printbox.net\/de\/wp-json\/wp\/v2\/media?parent=1505"}],"curies":[{"name":"wp","href":"https:\/\/api.w.org\/{rel}","templated":true}]}}