{"id":1032,"date":"2021-07-15T13:49:16","date_gmt":"2021-07-15T11:49:16","guid":{"rendered":"https:\/\/printbox.net\/?page_id=1032"},"modified":"2025-10-01T14:08:54","modified_gmt":"2025-10-01T12:08:54","slug":"printbox-selfservice-printing","status":"publish","type":"page","link":"https:\/\/printbox.net\/de\/","title":{"rendered":"Printbox-Netzwerk"},"content":{"rendered":"<div data-elementor-type=\"wp-page\" data-elementor-id=\"1032\" class=\"elementor elementor-1032\" data-elementor-post-type=\"page\">\n\t\t\t\t\t\t<section class=\"elementor-section elementor-top-section elementor-element elementor-element-2ee4e4b5 elementor-section-height-min-height elementor-section-content-middle elementor-reverse-mobile elementor-section-boxed elementor-section-height-default elementor-section-items-middle\" data-id=\"2ee4e4b5\" data-element_type=\"section\" data-settings=\"{&quot;background_background&quot;:&quot;classic&quot;}\">\n\t\t\t\t\t\t<div class=\"elementor-container elementor-column-gap-no\">\n\t\t\t\t\t<div class=\"elementor-column elementor-col-50 elementor-top-column elementor-element elementor-element-3566eca7\" data-id=\"3566eca7\" data-element_type=\"column\">\n\t\t\t<div class=\"elementor-widget-wrap elementor-element-populated\">\n\t\t\t\t\t\t<div class=\"elementor-element elementor-element-59118f53 elementor-widget elementor-widget-heading\" data-id=\"59118f53\" data-element_type=\"widget\" data-widget_type=\"heading.default\">\n\t\t\t\t<div class=\"elementor-widget-container\">\n\t\t\t\t\t<h2 class=\"elementor-heading-title elementor-size-default\">Printbox \u2013 Selbstbedienungs-Druckkioske f\u00fcr einfaches Drucken von Dokumenten<\/h2>\t\t\t\t<\/div>\n\t\t\t\t<\/div>\n\t\t\t\t<div class=\"elementor-element elementor-element-8b0d844 elementor-widget elementor-widget-text-editor\" data-id=\"8b0d844\" data-element_type=\"widget\" data-widget_type=\"text-editor.default\">\n\t\t\t\t<div class=\"elementor-widget-container\">\n\t\t\t\t\t\t\t\t\t<p data-start=\"139\" data-end=\"459\">Printbox ist ein f\u00fchrendes Netzwerk von Selbstbedienungs-Druckkiosken in Europa, das schnellen und erschwinglichen Druck bietet. <strong data-start=\"241\" data-end=\"289\">Drucken von Dokumenten<\/strong>Unsere Printbox-Ger\u00e4te befinden sich an gut erreichbaren Standorten \u2013 in Bibliotheken, Einkaufszentren, Universit\u00e4ten, Studentenwohnheimen, 24\/7-Shops und \u00f6ffentlichen Einrichtungen \u2013, sodass Sie Ihre Dokumente jederzeit und \u00fcberall ausdrucken k\u00f6nnen.<\/p><p data-start=\"461\" data-end=\"759\">Mit mehr als 10 Jahren Erfahrung und einer Pr\u00e4senz in mehreren EU-L\u00e4ndern ist Printbox ein Synonym f\u00fcr <strong data-start=\"566\" data-end=\"594\">Zuverl\u00e4ssiger Selbstbedienungsdruck<\/strong>Benutzer k\u00f6nnen Dateien \u00fcber die Printbox-App, per E-Mail, Webapp oder USB hochladen, Guthaben am Kiosk oder online kaufen und ihre Dokumente sofort ausdrucken.<\/p><p data-start=\"461\" data-end=\"759\">Printbox ist ein unkomplizierter Druckservice f\u00fcr jedermann, jederzeit und \u00fcberall.\u00a0<\/p>\t\t\t\t\t\t\t\t<\/div>\n\t\t\t\t<\/div>\n\t\t\t\t<section class=\"elementor-section elementor-inner-section elementor-element elementor-element-5ab4652 elementor-section-boxed elementor-section-height-default elementor-section-height-default\" data-id=\"5ab4652\" data-element_type=\"section\">\n\t\t\t\t\t\t<div class=\"elementor-container elementor-column-gap-default\">\n\t\t\t\t\t<div class=\"elementor-column elementor-col-100 elementor-inner-column elementor-element elementor-element-66e2b6a\" data-id=\"66e2b6a\" data-element_type=\"column\">\n\t\t\t<div class=\"elementor-widget-wrap elementor-element-populated\">\n\t\t\t\t\t\t<div class=\"elementor-element elementor-element-fd6c7f1 elementor-widget elementor-widget-text-editor\" data-id=\"fd6c7f1\" data-element_type=\"widget\" data-widget_type=\"text-editor.default\">\n\t\t\t\t<div class=\"elementor-widget-container\">\n\t\t\t\t\t\t\t\t\t<p>Bitte w\u00e4hlen Sie Ihr Printbox-Netzwerk:<\/p>\t\t\t\t\t\t\t\t<\/div>\n\t\t\t\t<\/div>\n\t\t\t\t\t<\/div>\n\t\t<\/div>\n\t\t\t\t\t<\/div>\n\t\t<\/section>\n\t\t\t\t<section class=\"elementor-section elementor-inner-section elementor-element elementor-element-1e264fe elementor-section-full_width elementor-section-height-default elementor-section-height-default\" data-id=\"1e264fe\" data-element_type=\"section\">\n\t\t\t\t\t\t<div class=\"elementor-container elementor-column-gap-default\">\n\t\t\t\t\t<div class=\"elementor-column elementor-col-100 elementor-inner-column elementor-element elementor-element-094bfba\" data-id=\"094bfba\" data-element_type=\"column\">\n\t\t\t<div class=\"elementor-widget-wrap elementor-element-populated\">\n\t\t\t\t\t\t<div class=\"elementor-element elementor-element-43867c3a elementor-align-justify elementor-widget__width-initial elementor-widget elementor-widget-button\" data-id=\"43867c3a\" data-element_type=\"widget\" data-widget_type=\"button.default\">\n\t\t\t\t<div class=\"elementor-widget-container\">\n\t\t\t\t\t\t\t\t\t<div class=\"elementor-button-wrapper\">\n\t\t\t\t\t<a class=\"elementor-button elementor-button-link elementor-size-md\" href=\"https:\/\/printbox.net\/de\/slowenien\/\">\n\t\t\t\t\t\t<span class=\"elementor-button-content-wrapper\">\n\t\t\t\t\t\t\t\t\t<span class=\"elementor-button-text\">Printbox Slowenien<\/span>\n\t\t\t\t\t<\/span>\n\t\t\t\t\t<\/a>\n\t\t\t\t<\/div>\n\t\t\t\t\t\t\t\t<\/div>\n\t\t\t\t<\/div>\n\t\t\t\t\t<\/div>\n\t\t<\/div>\n\t\t\t\t\t<\/div>\n\t\t<\/section>\n\t\t\t\t<section class=\"elementor-section elementor-inner-section elementor-element elementor-element-9bd32f8 elementor-section-full_width elementor-section-height-default elementor-section-height-default\" data-id=\"9bd32f8\" data-element_type=\"section\">\n\t\t\t\t\t\t<div class=\"elementor-container elementor-column-gap-default\">\n\t\t\t\t\t<div class=\"elementor-column elementor-col-100 elementor-inner-column elementor-element elementor-element-5d95b95\" data-id=\"5d95b95\" data-element_type=\"column\">\n\t\t\t<div class=\"elementor-widget-wrap elementor-element-populated\">\n\t\t\t\t\t\t<div class=\"elementor-element elementor-element-9c7f1ed elementor-align-justify elementor-widget__width-initial elementor-widget elementor-widget-button\" data-id=\"9c7f1ed\" data-element_type=\"widget\" data-widget_type=\"button.default\">\n\t\t\t\t<div class=\"elementor-widget-container\">\n\t\t\t\t\t\t\t\t\t<div class=\"elementor-button-wrapper\">\n\t\t\t\t\t<a class=\"elementor-button elementor-button-link elementor-size-md\" href=\"https:\/\/printbox.net\/de\/osterreich\/\">\n\t\t\t\t\t\t<span class=\"elementor-button-content-wrapper\">\n\t\t\t\t\t\t\t\t\t<span class=\"elementor-button-text\">Printbox \u00d6sterreich<\/span>\n\t\t\t\t\t<\/span>\n\t\t\t\t\t<\/a>\n\t\t\t\t<\/div>\n\t\t\t\t\t\t\t\t<\/div>\n\t\t\t\t<\/div>\n\t\t\t\t\t<\/div>\n\t\t<\/div>\n\t\t\t\t\t<\/div>\n\t\t<\/section>\n\t\t\t\t<section class=\"elementor-section elementor-inner-section elementor-element elementor-element-d1ce930 elementor-section-full_width elementor-section-height-default elementor-section-height-default\" data-id=\"d1ce930\" data-element_type=\"section\">\n\t\t\t\t\t\t<div class=\"elementor-container elementor-column-gap-default\">\n\t\t\t\t\t<div class=\"elementor-column elementor-col-100 elementor-inner-column elementor-element elementor-element-7433475\" data-id=\"7433475\" data-element_type=\"column\">\n\t\t\t<div class=\"elementor-widget-wrap elementor-element-populated\">\n\t\t\t\t\t\t<div class=\"elementor-element elementor-element-a9a0444 elementor-align-justify elementor-widget__width-initial elementor-widget elementor-widget-button\" data-id=\"a9a0444\" data-element_type=\"widget\" data-widget_type=\"button.default\">\n\t\t\t\t<div class=\"elementor-widget-container\">\n\t\t\t\t\t\t\t\t\t<div class=\"elementor-button-wrapper\">\n\t\t\t\t\t<a class=\"elementor-button elementor-button-link elementor-size-md\" href=\"https:\/\/printbox.net\/de\/cro\/\">\n\t\t\t\t\t\t<span class=\"elementor-button-content-wrapper\">\n\t\t\t\t\t\t\t\t\t<span class=\"elementor-button-text\">Printbox Kroatien<\/span>\n\t\t\t\t\t<\/span>\n\t\t\t\t\t<\/a>\n\t\t\t\t<\/div>\n\t\t\t\t\t\t\t\t<\/div>\n\t\t\t\t<\/div>\n\t\t\t\t\t<\/div>\n\t\t<\/div>\n\t\t\t\t\t<\/div>\n\t\t<\/section>\n\t\t\t\t<section class=\"elementor-section elementor-inner-section elementor-element elementor-element-0427fbc elementor-section-full_width elementor-section-height-default elementor-section-height-default\" data-id=\"0427fbc\" data-element_type=\"section\">\n\t\t\t\t\t\t<div class=\"elementor-container elementor-column-gap-default\">\n\t\t\t\t\t<div class=\"elementor-column elementor-col-100 elementor-inner-column elementor-element elementor-element-5085218\" data-id=\"5085218\" data-element_type=\"column\">\n\t\t\t<div class=\"elementor-widget-wrap elementor-element-populated\">\n\t\t\t\t\t\t<div class=\"elementor-element elementor-element-3d4d7a3 elementor-align-justify elementor-widget__width-initial elementor-widget elementor-widget-button\" data-id=\"3d4d7a3\" data-element_type=\"widget\" data-widget_type=\"button.default\">\n\t\t\t\t<div class=\"elementor-widget-container\">\n\t\t\t\t\t\t\t\t\t<div class=\"elementor-button-wrapper\">\n\t\t\t\t\t<a class=\"elementor-button elementor-button-link elementor-size-md\" href=\"https:\/\/printboxlatvia.lv\/\">\n\t\t\t\t\t\t<span class=\"elementor-button-content-wrapper\">\n\t\t\t\t\t\t\t\t\t<span class=\"elementor-button-text\">Printbox Lettland<\/span>\n\t\t\t\t\t<\/span>\n\t\t\t\t\t<\/a>\n\t\t\t\t<\/div>\n\t\t\t\t\t\t\t\t<\/div>\n\t\t\t\t<\/div>\n\t\t\t\t\t<\/div>\n\t\t<\/div>\n\t\t\t\t\t<\/div>\n\t\t<\/section>\n\t\t\t\t<section class=\"elementor-section elementor-inner-section elementor-element elementor-element-8413412 elementor-section-full_width elementor-section-height-default elementor-section-height-default\" data-id=\"8413412\" data-element_type=\"section\">\n\t\t\t\t\t\t<div class=\"elementor-container elementor-column-gap-default\">\n\t\t\t\t\t<div class=\"elementor-column elementor-col-100 elementor-inner-column elementor-element elementor-element-6ee496e\" data-id=\"6ee496e\" data-element_type=\"column\">\n\t\t\t<div class=\"elementor-widget-wrap elementor-element-populated\">\n\t\t\t\t\t\t<div class=\"elementor-element elementor-element-85f3d4d elementor-align-justify elementor-widget__width-initial elementor-widget elementor-widget-button\" data-id=\"85f3d4d\" data-element_type=\"widget\" data-widget_type=\"button.default\">\n\t\t\t\t<div class=\"elementor-widget-container\">\n\t\t\t\t\t\t\t\t\t<div class=\"elementor-button-wrapper\">\n\t\t\t\t\t<a class=\"elementor-button elementor-button-link elementor-size-md\" href=\"https:\/\/printbox.net\/de\/france\/\">\n\t\t\t\t\t\t<span class=\"elementor-button-content-wrapper\">\n\t\t\t\t\t\t\t\t\t<span class=\"elementor-button-text\">Printbox Frankreich<\/span>\n\t\t\t\t\t<\/span>\n\t\t\t\t\t<\/a>\n\t\t\t\t<\/div>\n\t\t\t\t\t\t\t\t<\/div>\n\t\t\t\t<\/div>\n\t\t\t\t\t<\/div>\n\t\t<\/div>\n\t\t\t\t\t<\/div>\n\t\t<\/section>\n\t\t\t\t\t<\/div>\n\t\t<\/div>\n\t\t\t\t<div class=\"elementor-column elementor-col-50 elementor-top-column elementor-element elementor-element-2b5eac48\" data-id=\"2b5eac48\" data-element_type=\"column\">\n\t\t\t<div class=\"elementor-widget-wrap elementor-element-populated\">\n\t\t\t\t\t\t<div class=\"elementor-element elementor-element-1fd1a76f elementor-hidden-mobile_extra elementor-hidden-mobile elementor-widget__width-initial elementor-widget elementor-widget-image\" data-id=\"1fd1a76f\" data-element_type=\"widget\" data-widget_type=\"image.default\">\n\t\t\t\t<div class=\"elementor-widget-container\">\n\t\t\t\t\t\t\t\t\t\t\t\t\t\t\t<img fetchpriority=\"high\" decoding=\"async\" width=\"1024\" height=\"1024\" src=\"https:\/\/printbox.net\/wp-content\/uploads\/2021\/05\/Slika-5-01.jpg\" class=\"attachment-full size-full wp-image-706\" alt=\"\" srcset=\"https:\/\/printbox.net\/wp-content\/uploads\/2021\/05\/Slika-5-01.jpg 1024w, https:\/\/printbox.net\/wp-content\/uploads\/2021\/05\/Slika-5-01-300x300.jpg 300w, https:\/\/printbox.net\/wp-content\/uploads\/2021\/05\/Slika-5-01-150x150.jpg 150w, https:\/\/printbox.net\/wp-content\/uploads\/2021\/05\/Slika-5-01-768x768.jpg 768w\" sizes=\"(max-width: 1024px) 100vw, 1024px\" \/>\t\t\t\t\t\t\t\t\t\t\t\t\t\t\t<\/div>\n\t\t\t\t<\/div>\n\t\t\t\t<div class=\"elementor-element elementor-element-4078ae5 elementor-hidden-mobile_extra elementor-hidden-mobile elementor-widget__width-initial elementor-widget elementor-widget-image\" data-id=\"4078ae5\" data-element_type=\"widget\" data-widget_type=\"image.default\">\n\t\t\t\t<div class=\"elementor-widget-container\">\n\t\t\t\t\t\t\t\t\t\t\t\t\t\t\t<img decoding=\"async\" width=\"1024\" height=\"1024\" src=\"https:\/\/printbox.net\/wp-content\/uploads\/2021\/05\/Slika-2-01.jpg\" class=\"attachment-full size-full wp-image-709\" alt=\"\" srcset=\"https:\/\/printbox.net\/wp-content\/uploads\/2021\/05\/Slika-2-01.jpg 1024w, https:\/\/printbox.net\/wp-content\/uploads\/2021\/05\/Slika-2-01-300x300.jpg 300w, https:\/\/printbox.net\/wp-content\/uploads\/2021\/05\/Slika-2-01-150x150.jpg 150w, https:\/\/printbox.net\/wp-content\/uploads\/2021\/05\/Slika-2-01-768x768.jpg 768w\" sizes=\"(max-width: 1024px) 100vw, 1024px\" \/>\t\t\t\t\t\t\t\t\t\t\t\t\t\t\t<\/div>\n\t\t\t\t<\/div>\n\t\t\t\t\t<\/div>\n\t\t<\/div>\n\t\t\t\t\t<\/div>\n\t\t<\/section>\n\t\t\t\t<\/div>","protected":false},"excerpt":{"rendered":"<p>Printbox \u2013 Self-service printing kiosks for easy document printing Printbox is a leading network of self-service printing kiosks in Europe, offering fast and affordable printing of documents. Our Printbox machines are conveniently located \u2013 in libraries, shopping centers, universities, student dormitories, 24\/7 shops and public institutions \u2013 so you can print your documents anytime, anywhere. [&hellip;]<\/p>","protected":false},"author":2,"featured_media":0,"parent":0,"menu_order":0,"comment_status":"closed","ping_status":"closed","template":"","meta":{"footnotes":""},"class_list":["post-1032","page","type-page","status-publish","hentry"],"yoast_head":"<!-- This site is optimized with the Yoast SEO plugin v26.6 - https:\/\/yoast.com\/wordpress\/plugins\/seo\/ -->\n<title>Printbox self-service print vending machine<\/title>\n<meta name=\"description\" content=\"Printbox self-service print vending machine for color A4 document printing, scanning and copying on our Printbox network.\" \/>\n<meta name=\"robots\" content=\"index, follow, max-snippet:-1, max-image-preview:large, max-video-preview:-1\" \/>\n<link rel=\"canonical\" href=\"https:\/\/printbox.net\/de\/\" \/>\n<meta property=\"og:locale\" content=\"de_DE\" \/>\n<meta property=\"og:type\" content=\"article\" \/>\n<meta property=\"og:title\" content=\"Printbox self-service print vending machine\" \/>\n<meta property=\"og:description\" content=\"Printbox self-service print vending machine for color A4 document printing, scanning and copying on our Printbox network.\" \/>\n<meta property=\"og:url\" content=\"https:\/\/printbox.net\/de\/\" \/>\n<meta property=\"article:modified_time\" content=\"2025-10-01T12:08:54+00:00\" \/>\n<meta property=\"og:image\" content=\"https:\/\/printbox.net\/wp-content\/uploads\/2021\/05\/Slika-5-01.jpg\" \/>\n\t<meta property=\"og:image:width\" content=\"1024\" \/>\n\t<meta property=\"og:image:height\" content=\"1024\" \/>\n\t<meta property=\"og:image:type\" content=\"image\/jpeg\" \/>\n<meta name=\"twitter:card\" content=\"summary_large_image\" \/>\n<meta name=\"twitter:label1\" content=\"Gesch\u00e4tzte Lesezeit\" \/>\n\t<meta name=\"twitter:data1\" content=\"1 Minute\" \/>\n<script type=\"application\/ld+json\" class=\"yoast-schema-graph\">{\"@context\":\"https:\/\/schema.org\",\"@graph\":[{\"@type\":\"WebPage\",\"@id\":\"https:\/\/printbox.net\/en\/\",\"url\":\"https:\/\/printbox.net\/en\/\",\"name\":\"Printbox self-service print vending machine\",\"isPartOf\":{\"@id\":\"https:\/\/printbox.net\/sl\/#website\"},\"primaryImageOfPage\":{\"@id\":\"https:\/\/printbox.net\/en\/#primaryimage\"},\"image\":{\"@id\":\"https:\/\/printbox.net\/en\/#primaryimage\"},\"thumbnailUrl\":\"https:\/\/printbox.net\/wp-content\/uploads\/2021\/05\/Slika-5-01.jpg\",\"datePublished\":\"2021-07-15T11:49:16+00:00\",\"dateModified\":\"2025-10-01T12:08:54+00:00\",\"description\":\"Printbox self-service print vending machine for color A4 document printing, scanning and copying on our Printbox network.\",\"breadcrumb\":{\"@id\":\"https:\/\/printbox.net\/en\/#breadcrumb\"},\"inLanguage\":\"de-AT\",\"potentialAction\":[{\"@type\":\"ReadAction\",\"target\":[\"https:\/\/printbox.net\/en\/\"]}]},{\"@type\":\"ImageObject\",\"inLanguage\":\"de-AT\",\"@id\":\"https:\/\/printbox.net\/en\/#primaryimage\",\"url\":\"https:\/\/printbox.net\/wp-content\/uploads\/2021\/05\/Slika-5-01.jpg\",\"contentUrl\":\"https:\/\/printbox.net\/wp-content\/uploads\/2021\/05\/Slika-5-01.jpg\"},{\"@type\":\"BreadcrumbList\",\"@id\":\"https:\/\/printbox.net\/en\/#breadcrumb\",\"itemListElement\":[{\"@type\":\"ListItem\",\"position\":1,\"name\":\"Home\",\"item\":\"https:\/\/printbox.net\/en\/\"},{\"@type\":\"ListItem\",\"position\":2,\"name\":\"Printbox network\"}]},{\"@type\":\"WebSite\",\"@id\":\"https:\/\/printbox.net\/sl\/#website\",\"url\":\"https:\/\/printbox.net\/sl\/\",\"name\":\"\",\"description\":\"\",\"potentialAction\":[{\"@type\":\"SearchAction\",\"target\":{\"@type\":\"EntryPoint\",\"urlTemplate\":\"https:\/\/printbox.net\/sl\/?s={search_term_string}\"},\"query-input\":{\"@type\":\"PropertyValueSpecification\",\"valueRequired\":true,\"valueName\":\"search_term_string\"}}],\"inLanguage\":\"de-AT\"}]}<\/script>\n<!-- \/ Yoast SEO plugin. -->","yoast_head_json":{"title":"Printbox Selbstbedienungs-Druckautomat","description":"Printbox-Selbstbedienungsdruckautomat zum Drucken, Scannen und Kopieren von A4-Farbdokumenten in unserem Printbox-Netzwerk.","robots":{"index":"index","follow":"follow","max-snippet":"max-snippet:-1","max-image-preview":"max-image-preview:large","max-video-preview":"max-video-preview:-1"},"canonical":"https:\/\/printbox.net\/de\/","og_locale":"de_DE","og_type":"article","og_title":"Printbox self-service print vending machine","og_description":"Printbox self-service print vending machine for color A4 document printing, scanning and copying on our Printbox network.","og_url":"https:\/\/printbox.net\/de\/","article_modified_time":"2025-10-01T12:08:54+00:00","og_image":[{"width":1024,"height":1024,"url":"https:\/\/printbox.net\/wp-content\/uploads\/2021\/05\/Slika-5-01.jpg","type":"image\/jpeg"}],"twitter_card":"summary_large_image","twitter_misc":{"Gesch\u00e4tzte Lesezeit":"1 Minute"},"schema":{"@context":"https:\/\/schema.org","@graph":[{"@type":"WebPage","@id":"https:\/\/printbox.net\/en\/","url":"https:\/\/printbox.net\/en\/","name":"Printbox Selbstbedienungs-Druckautomat","isPartOf":{"@id":"https:\/\/printbox.net\/sl\/#website"},"primaryImageOfPage":{"@id":"https:\/\/printbox.net\/en\/#primaryimage"},"image":{"@id":"https:\/\/printbox.net\/en\/#primaryimage"},"thumbnailUrl":"https:\/\/printbox.net\/wp-content\/uploads\/2021\/05\/Slika-5-01.jpg","datePublished":"2021-07-15T11:49:16+00:00","dateModified":"2025-10-01T12:08:54+00:00","description":"Printbox-Selbstbedienungsdruckautomat zum Drucken, Scannen und Kopieren von A4-Farbdokumenten in unserem Printbox-Netzwerk.","breadcrumb":{"@id":"https:\/\/printbox.net\/en\/#breadcrumb"},"inLanguage":"de-AT","potentialAction":[{"@type":"ReadAction","target":["https:\/\/printbox.net\/en\/"]}]},{"@type":"ImageObject","inLanguage":"de-AT","@id":"https:\/\/printbox.net\/en\/#primaryimage","url":"https:\/\/printbox.net\/wp-content\/uploads\/2021\/05\/Slika-5-01.jpg","contentUrl":"https:\/\/printbox.net\/wp-content\/uploads\/2021\/05\/Slika-5-01.jpg"},{"@type":"BreadcrumbList","@id":"https:\/\/printbox.net\/en\/#breadcrumb","itemListElement":[{"@type":"ListItem","position":1,"name":"Home","item":"https:\/\/printbox.net\/en\/"},{"@type":"ListItem","position":2,"name":"Printbox network"}]},{"@type":"WebSite","@id":"https:\/\/printbox.net\/sl\/#website","url":"https:\/\/printbox.net\/sl\/","name":"","description":"","potentialAction":[{"@type":"SearchAction","target":{"@type":"EntryPoint","urlTemplate":"https:\/\/printbox.net\/sl\/?s={search_term_string}"},"query-input":{"@type":"PropertyValueSpecification","valueRequired":true,"valueName":"search_term_string"}}],"inLanguage":"de-AT"}]}},"_links":{"self":[{"href":"https:\/\/printbox.net\/de\/wp-json\/wp\/v2\/pages\/1032","targetHints":{"allow":["GET"]}}],"collection":[{"href":"https:\/\/printbox.net\/de\/wp-json\/wp\/v2\/pages"}],"about":[{"href":"https:\/\/printbox.net\/de\/wp-json\/wp\/v2\/types\/page"}],"author":[{"embeddable":true,"href":"https:\/\/printbox.net\/de\/wp-json\/wp\/v2\/users\/2"}],"replies":[{"embeddable":true,"href":"https:\/\/printbox.net\/de\/wp-json\/wp\/v2\/comments?post=1032"}],"version-history":[{"count":303,"href":"https:\/\/printbox.net\/de\/wp-json\/wp\/v2\/pages\/1032\/revisions"}],"predecessor-version":[{"id":7576,"href":"https:\/\/printbox.net\/de\/wp-json\/wp\/v2\/pages\/1032\/revisions\/7576"}],"wp:attachment":[{"href":"https:\/\/printbox.net\/de\/wp-json\/wp\/v2\/media?parent=1032"}],"curies":[{"name":"wp","href":"https:\/\/api.w.org\/{rel}","templated":true}]}}